{"id":2403,"date":"2026-04-03T13:10:37","date_gmt":"2026-04-03T13:10:37","guid":{"rendered":"https:\/\/dermatide.net\/?page_id=2403"},"modified":"2026-04-13T15:17:21","modified_gmt":"2026-04-13T15:17:21","slug":"join-us","status":"publish","type":"page","link":"https:\/\/dermatide.net\/es_es\/join-us\/","title":{"rendered":"\u00danete a nosotros"},"content":{"rendered":"<div data-elementor-type=\"wp-page\" data-elementor-id=\"2403\" class=\"elementor elementor-2403\" data-elementor-post-type=\"page\">\n\t\t\t\t<div class=\"elementor-element elementor-element-2fcfbdd e-flex e-con-boxed e-con e-parent\" data-id=\"2fcfbdd\" data-element_type=\"container\" data-e-type=\"container\">\n\t\t\t\t\t<div class=\"e-con-inner\">\n\t\t\t\t<div class=\"elementor-element elementor-element-632292c elementor-cta--layout-image-left elementor-widget__width-inherit elementor-cta--skin-classic elementor-animated-content elementor-bg-transform elementor-bg-transform-zoom-in elementor-widget elementor-widget-call-to-action\" data-id=\"632292c\" data-element_type=\"widget\" data-e-type=\"widget\" data-widget_type=\"call-to-action.default\">\n\t\t\t\t\t\t\t<div class=\"elementor-cta\">\n\t\t\t\t\t<div class=\"elementor-cta__bg-wrapper\">\n\t\t\t\t<div class=\"elementor-cta__bg elementor-bg\" style=\"background-image: url(https:\/\/dermatide.net\/wp-content\/uploads\/2026\/04\/Shutterstock_1965329800-1024x341.jpg);\" role=\"img\" aria-label=\"Shutterstock_1965329800\"><\/div>\n\t\t\t\t<div class=\"elementor-cta__bg-overlay\"><\/div>\n\t\t\t<\/div>\n\t\t\t\t\t\t\t<div class=\"elementor-cta__content\">\n\t\t\t\t\n\t\t\t\t\t\t\t\t\t<h2 class=\"elementor-cta__title elementor-cta__content-item elementor-content-item\">\n\t\t\t\t\t\tDirectores\/Gerentes de Servicio T\u00e9cnico \t\t\t\t\t<\/h2>\n\t\t\t\t\n\t\t\t\t\n\t\t\t\t\t\t\t\t\t<div class=\"elementor-cta__button-wrapper elementor-cta__content-item elementor-content-item\">\n\t\t\t\t\t<a class=\"elementor-cta__button elementor-button elementor-size-\" href=\"mailto:info@dermatide.net\" target=\"_blank\" email=\"\">\n\t\t\t\t\t\tComparte tu curr\u00edculum\t\t\t\t\t<\/a>\n\t\t\t\t\t<\/div>\n\t\t\t\t\t\t\t<\/div>\n\t\t\t\t\t\t<\/div>\n\t\t\t\t\t\t<\/div>\n\t\t\t\t\t<\/div>\n\t\t\t\t<\/div>\n\t\t<div class=\"elementor-element elementor-element-0e46635 e-flex e-con-boxed e-con e-parent\" data-id=\"0e46635\" data-element_type=\"container\" data-e-type=\"container\" data-settings=\"{&quot;background_background&quot;:&quot;classic&quot;}\">\n\t\t\t\t\t<div class=\"e-con-inner\">\n\t\t\t\t<div class=\"elementor-element elementor-element-6b6a964 elementor-widget elementor-widget-text-editor\" data-id=\"6b6a964\" data-element_type=\"widget\" data-e-type=\"widget\" data-widget_type=\"text-editor.default\">\n\t\t\t\t\t\t\t\t\t<h6 style=\"text-align: center;\">\u00bfEs usted un profesional de ingredientes cosm\u00e9ticos con pasi\u00f3n por la biotecnolog\u00eda de vanguardia?<\/h6><h6 style=\"text-align: center;\">\u2014 \u00bfy una red que iguale?<\/h6>\t\t\t\t\t\t\t\t<\/div>\n\t\t\t\t\t<\/div>\n\t\t\t\t<\/div>\n\t\t<div class=\"elementor-element elementor-element-2e8b32b e-flex e-con-boxed e-con e-parent\" data-id=\"2e8b32b\" data-element_type=\"container\" data-e-type=\"container\" data-settings=\"{&quot;background_background&quot;:&quot;classic&quot;}\">\n\t\t\t\t\t<div class=\"e-con-inner\">\n\t\t<div class=\"elementor-element elementor-element-f776c2b e-con-full e-flex e-con e-child\" data-id=\"f776c2b\" data-element_type=\"container\" data-e-type=\"container\">\n\t\t\t\t<div class=\"elementor-element elementor-element-a445321 elementor-widget elementor-widget-heading\" data-id=\"a445321\" data-element_type=\"widget\" data-e-type=\"widget\" data-widget_type=\"heading.default\">\n\t\t\t\t\t<h2 class=\"elementor-heading-title elementor-size-default\"> <span class=\"custom-text-color\">\u00bfQui\u00e9nes somos?<\/h2>\t\t\t\t<\/div>\n\t\t\t\t<\/div>\n\t\t<div class=\"elementor-element elementor-element-5539369 e-con-full e-flex e-con e-child\" data-id=\"5539369\" data-element_type=\"container\" data-e-type=\"container\">\n\t\t\t\t<div class=\"elementor-element elementor-element-b87643a elementor-widget elementor-widget-text-editor\" data-id=\"b87643a\" data-element_type=\"widget\" data-e-type=\"widget\" data-widget_type=\"text-editor.default\">\n\t\t\t\t\t\t\t\t\t<p>Dermatide Biotec es una startup de biotecnolog\u00eda con sede en Singapur cuya misi\u00f3n es redefinir lo que los ingredientes activos pueden hacer por el cuidado de la piel y el cuidado personal. Nuestro ingrediente estrella, AKNETIDE\u00ae, es el primer ciclopeptido antimicrobiano del mundo derivado de la fermentaci\u00f3n de Bacillus no transg\u00e9nico, un ingrediente activo genuinamente novedoso, respaldado por la ciencia y con m\u00faltiples mecanismos, con una historia convincente que pr\u00e1cticamente se vende sola a la audiencia adecuada.<br \/>Y apenas estamos empezando. \ud83d\udc40 Una l\u00ednea de p\u00e9ptidos bioactivos igualmente emocionantes para aplicaciones m\u00e1s amplias en el cuidado personal est\u00e1 en camino.<\/p>\t\t\t\t\t\t\t\t<\/div>\n\t\t\t\t<\/div>\n\t\t\t\t\t<\/div>\n\t\t\t\t<\/div>\n\t\t<div class=\"elementor-element elementor-element-2b55e30 e-flex e-con-boxed e-con e-parent\" data-id=\"2b55e30\" data-element_type=\"container\" data-e-type=\"container\" data-settings=\"{&quot;background_background&quot;:&quot;classic&quot;}\">\n\t\t\t\t\t<div class=\"e-con-inner\">\n\t\t\t\t<div class=\"elementor-element elementor-element-ef80b5c elementor-toc--minimized-on-tablet elementor-widget elementor-widget-table-of-contents\" data-id=\"ef80b5c\" data-element_type=\"widget\" data-e-type=\"widget\" data-settings=\"{&quot;container&quot;:&quot;              \\ud83d\\udccd ASEAN  \\ud83d\\udccd European Union  \\ud83d\\udccd United States  \\ud83d\\udccd Brazil&quot;,&quot;exclude_headings_by_selector&quot;:[],&quot;no_headings_message&quot;:&quot;     \\ud83d\\udccd ASEAN  \\ud83d\\udccd European Union  \\ud83d\\udccd United States  \\ud83d\\udccd Brazil&quot;,&quot;headings_by_tags&quot;:[&quot;h2&quot;,&quot;h3&quot;,&quot;h4&quot;,&quot;h5&quot;,&quot;h6&quot;],&quot;marker_view&quot;:&quot;numbers&quot;,&quot;minimize_box&quot;:&quot;yes&quot;,&quot;minimized_on&quot;:&quot;tablet&quot;,&quot;hierarchical_view&quot;:&quot;yes&quot;,&quot;min_height&quot;:{&quot;unit&quot;:&quot;px&quot;,&quot;size&quot;:&quot;&quot;,&quot;sizes&quot;:[]},&quot;min_height_tablet&quot;:{&quot;unit&quot;:&quot;px&quot;,&quot;size&quot;:&quot;&quot;,&quot;sizes&quot;:[]},&quot;min_height_mobile&quot;:{&quot;unit&quot;:&quot;px&quot;,&quot;size&quot;:&quot;&quot;,&quot;sizes&quot;:[]}}\" data-widget_type=\"table-of-contents.default\">\n\t\t\t\t\t\t\t<div class=\"elementor-toc__header\">\n\t\t\t<h4 class=\"elementor-toc__header-title\">\n\t\t\t\tBuscamos personas emprendedoras, con conocimientos cient\u00edficos y bien conectadas para unirse a nosotros como Directores\/Gerentes de Servicio T\u00e9cnico en cuatro mercados estrat\u00e9gicos:\t\t\t<\/h4>\n\t\t\t\t\t\t\t<div class=\"elementor-toc__toggle-button elementor-toc__toggle-button--expand\" role=\"button\" tabindex=\"0\" aria-controls=\"elementor-toc__ef80b5c\" aria-expanded=\"true\" aria-label=\"Abrir tabla de contenidos\"><svg aria-hidden=\"true\" class=\"e-font-icon-svg e-fas-chevron-down\" viewbox=\"0 0 448 512\" xmlns=\"http:\/\/www.w3.org\/2000\/svg\"><path d=\"M207.029 381.476L12.686 187.132c-9.373-9.373-9.373-24.569 0-33.941l22.667-22.667c9.357-9.357 24.522-9.375 33.901-.04L224 284.505l154.745-154.021c9.379-9.335 24.544-9.317 33.901.04l22.667 22.667c9.373 9.373 9.373 24.569 0 33.941L240.971 381.476c-9.373 9.372-24.569 9.372-33.942 0z\"><\/path><\/svg><\/div>\n\t\t\t\t<div class=\"elementor-toc__toggle-button elementor-toc__toggle-button--collapse\" role=\"button\" tabindex=\"0\" aria-controls=\"elementor-toc__ef80b5c\" aria-expanded=\"true\" aria-label=\"Cerrar tabla de contenido\"><svg aria-hidden=\"true\" class=\"e-font-icon-svg e-fas-chevron-up\" viewbox=\"0 0 448 512\" xmlns=\"http:\/\/www.w3.org\/2000\/svg\"><path d=\"M240.971 130.524l194.343 194.343c9.373 9.373 9.373 24.569 0 33.941l-22.667 22.667c-9.357 9.357-24.522 9.375-33.901.04L224 227.495 69.255 381.516c-9.379 9.335-24.544 9.317-33.901-.04l-22.667-22.667c-9.373-9.373-9.373-24.569 0-33.941L207.03 130.525c9.372-9.373 24.568-9.373 33.941-.001z\"><\/path><\/svg><\/div>\n\t\t\t\t\t<\/div>\n\t\t<div id=\"elementor-toc__ef80b5c\" class=\"elementor-toc__body\">\n\t\t\t<div class=\"elementor-toc__spinner-container\">\n\t\t\t\t<svg class=\"elementor-toc__spinner eicon-animation-spin e-font-icon-svg e-eicon-loading\" aria-hidden=\"true\" viewbox=\"0 0 1000 1000\" xmlns=\"http:\/\/www.w3.org\/2000\/svg\"><path d=\"M500 975V858C696 858 858 696 858 500S696 142 500 142 142 304 142 500H25C25 237 238 25 500 25S975 237 975 500 763 975 500 975Z\"><\/path><\/svg>\t\t\t<\/div>\n\t\t<\/div>\n\t\t\t\t\t\t<\/div>\n\t\t\t\t\t<\/div>\n\t\t\t\t<\/div>\n\t\t<div class=\"elementor-element elementor-element-5b054f9 e-flex e-con-boxed e-con e-parent\" data-id=\"5b054f9\" data-element_type=\"container\" data-e-type=\"container\" data-settings=\"{&quot;background_background&quot;:&quot;classic&quot;}\">\n\t\t\t\t\t<div class=\"e-con-inner\">\n\t\t<div class=\"elementor-element elementor-element-1c971e6 e-con-full e-flex e-con e-child\" data-id=\"1c971e6\" data-element_type=\"container\" data-e-type=\"container\">\n\t\t\t\t<div class=\"elementor-element elementor-element-c5745f2 elementor-widget elementor-widget-heading\" data-id=\"c5745f2\" data-element_type=\"widget\" data-e-type=\"widget\" data-widget_type=\"heading.default\">\n\t\t\t\t\t<h2 class=\"elementor-heading-title elementor-size-default\"> <span class=\"custom-text-color\">Qu\u00e9 har\u00e1s<\/h2>\t\t\t\t<\/div>\n\t\t\t\t<\/div>\n\t\t<div class=\"elementor-element elementor-element-e950684 e-con-full e-flex e-con e-child\" data-id=\"e950684\" data-element_type=\"container\" data-e-type=\"container\">\n\t\t\t\t<div class=\"elementor-element elementor-element-db88856 elementor-widget__width-initial elementor-widget elementor-widget-text-editor\" data-id=\"db88856\" data-element_type=\"widget\" data-e-type=\"widget\" data-widget_type=\"text-editor.default\">\n\t\t\t\t\t\t\t\t\t<ul><li>Ser la cara cient\u00edfica y comercial de AKNETIDE\u00ae (y nuestra cartera de productos) en tu mercado<\/li><li>Establecer y cultivar relaciones con distribuidores de ingredientes cosm\u00e9ticos, formuladores, equipos de I+D de marcas y fabricantes por contrato<\/li><li>Traduce nuestros ricos y completos datos de eficacia y seguridad en conversaciones convincentes y t\u00e9cnicamente cre\u00edbles.<\/li><li>Identificar oportunidades de colaboraci\u00f3n y distribuci\u00f3n; respaldar los esfuerzos de desarrollo de negocio con inteligencia local<\/li><li>Representar a Dermatide Biotec en eventos de la industria, ferias comerciales y visitas a clientes en su regi\u00f3n<\/li><\/ul>\t\t\t\t\t\t\t\t<\/div>\n\t\t\t\t<\/div>\n\t\t\t\t\t<\/div>\n\t\t\t\t<\/div>\n\t\t<div class=\"elementor-element elementor-element-36af1af e-flex e-con-boxed e-con e-parent\" data-id=\"36af1af\" data-element_type=\"container\" data-e-type=\"container\">\n\t\t\t\t\t<div class=\"e-con-inner\">\n\t\t<div class=\"elementor-element elementor-element-2b1d9b2 e-con-full e-flex e-con e-child\" data-id=\"2b1d9b2\" data-element_type=\"container\" data-e-type=\"container\">\n\t\t\t\t<div class=\"elementor-element elementor-element-ef32778 elementor-widget elementor-widget-heading\" data-id=\"ef32778\" data-element_type=\"widget\" data-e-type=\"widget\" data-widget_type=\"heading.default\">\n\t\t\t\t\t<h2 class=\"elementor-heading-title elementor-size-default\"> <span class=\"custom-text-color\">Lo que buscamos<\/h2>\t\t\t\t<\/div>\n\t\t\t\t<\/div>\n\t\t<div class=\"elementor-element elementor-element-82d5192 e-con-full e-flex e-con e-child\" data-id=\"82d5192\" data-element_type=\"container\" data-e-type=\"container\">\n\t\t\t\t<div class=\"elementor-element elementor-element-1936313 elementor-widget elementor-widget-text-editor\" data-id=\"1936313\" data-element_type=\"widget\" data-e-type=\"widget\" data-widget_type=\"text-editor.default\">\n\t\t\t\t\t\t\t\t\t<p>\u2705 S\u00f3lida formaci\u00f3n en biotecnolog\u00eda, ciencia cosm\u00e9tica, bioqu\u00edmica o una disciplina relacionada. Necesitas comprender genuinamente los p\u00e9ptidos antimicrobianos y el significado de nuestros datos.<\/p><p>\u2705 Trayectoria comprobada en ventas t\u00e9cnicas, desarrollo de negocios o servicio t\u00e9cnico dentro de la industria de ingredientes cosm\u00e9ticos o qu\u00edmicos especiales<\/p><p>\u2705 Red activa y profunda de formuladores cosm\u00e9ticos, compradores de ingredientes y distribuidores en tu mercado objetivo; esto es innegociable<\/p><p>\u2705 Esp\u00edritu emprendedor y autodirigido: prosperas con autonom\u00eda y sabes c\u00f3mo abrir puertas<\/p><p>Excelentes habilidades de comunicaci\u00f3n; capaz de tender un puente entre la ciencia y el comercio con fluidez<\/p><p>\u2705 La fluidez en los idiomas principales de su mercado objetivo es una gran ventaja, adem\u00e1s de la competencia en ingl\u00e9s.<\/p>\t\t\t\t\t\t\t\t<\/div>\n\t\t\t\t<\/div>\n\t\t\t\t\t<\/div>\n\t\t\t\t<\/div>\n\t\t<div class=\"elementor-element elementor-element-2674d81 e-flex e-con-boxed e-con e-parent\" data-id=\"2674d81\" data-element_type=\"container\" data-e-type=\"container\">\n\t\t\t\t\t<div class=\"e-con-inner\">\n\t\t<div class=\"elementor-element elementor-element-6e8fd77 e-con-full e-flex e-con e-child\" data-id=\"6e8fd77\" data-element_type=\"container\" data-e-type=\"container\">\n\t\t\t\t<div class=\"elementor-element elementor-element-7e669a1 elementor-widget elementor-widget-heading\" data-id=\"7e669a1\" data-element_type=\"widget\" data-e-type=\"widget\" data-widget_type=\"heading.default\">\n\t\t\t\t\t<h2 class=\"elementor-heading-title elementor-size-default\"> <span class=\"custom-text-color\">Lo que ofrecemos<\/h2>\t\t\t\t<\/div>\n\t\t\t\t<\/div>\n\t\t<div class=\"elementor-element elementor-element-ed8b3b3 e-con-full e-flex e-con e-child\" data-id=\"ed8b3b3\" data-element_type=\"container\" data-e-type=\"container\">\n\t\t\t\t<div class=\"elementor-element elementor-element-57f02fb elementor-widget__width-initial elementor-widget elementor-widget-text-editor\" data-id=\"57f02fb\" data-element_type=\"widget\" data-e-type=\"widget\" data-widget_type=\"text-editor.default\">\n\t\t\t\t\t\t\t\t\t<p>Oportunidad desde la planta baja con un ingrediente genuinamente novedoso y pionero en el mundo: no vender\u00e1s productos \u201cyo tambi\u00e9n\u201d.<\/p><p>\ud83c\udf0d Flexibilidad total remota\/teletrabajo;<\/p><p>\ud83e\udd1d Un equipo fundador peque\u00f1o, experimentado y apasionado que se supera a s\u00ed mismo<\/p><p>\ud83d\udcc8 Compensaci\u00f3n atractiva vinculada al rendimiento con un potencial de crecimiento significativo a medida que la marca crece a nivel mundial<\/p><p>\ud83d\udd2c Dossier t\u00e9cnico exhaustivo y completo, con datos de aplicaci\u00f3n para respaldar tus conversaciones: estar\u00e1s bien equipado desde el primer d\u00eda.<\/p>\t\t\t\t\t\t\t\t<\/div>\n\t\t\t\t<\/div>\n\t\t\t\t\t<\/div>\n\t\t\t\t<\/div>\n\t\t<div class=\"elementor-element elementor-element-704b8c5 e-flex e-con-boxed e-con e-parent\" data-id=\"704b8c5\" data-element_type=\"container\" data-e-type=\"container\" data-settings=\"{&quot;background_background&quot;:&quot;classic&quot;}\">\n\t\t\t\t\t<div class=\"e-con-inner\">\n\t\t\t\t<div class=\"elementor-element elementor-element-7c60638 elementor-widget elementor-widget-text-editor\" data-id=\"7c60638\" data-element_type=\"widget\" data-e-type=\"widget\" data-widget_type=\"text-editor.default\">\n\t\t\t\t\t\t\t\t\t<h6 style=\"text-align: center;\">Este no es un puesto para alguien que busca un trabajo de ventas convencional o rutinario. Es para alguien que ve la oportunidad en una startup cient\u00edfica con un ingrediente de clase mundial y quiere ser parte de la construcci\u00f3n de algo verdaderamente nuevo en el espacio global de ingredientes cosm\u00e9ticos.<br \/>Si eso le suena a usted, o a alguien que conoce, nos encantar\u00eda saber de usted.<\/h6>\t\t\t\t\t\t\t\t<\/div>\n\t\t\t\t\t<\/div>\n\t\t\t\t<\/div>\n\t\t\t\t<\/div>","protected":false},"excerpt":{"rendered":"<p>Technical Service Directors\/Managers Share your Resume Are you a cosmetic ingredients professional with a passion for cutting-edge biotechnology \u2014 and a network to match? Who We are? Dermatide Biotec is a Singapore-based biotech start-up on a mission to redefine what active ingredients can do for skin and personal care. Our flagship ingredient, AKNETIDE\u00ae, is the [&hellip;]<\/p>","protected":false},"author":1,"featured_media":0,"parent":0,"menu_order":0,"comment_status":"closed","ping_status":"closed","template":"","meta":{"_acf_changed":false,"footnotes":""},"class_list":["post-2403","page","type-page","status-publish","hentry"],"acf":[],"yoast_head":"<!-- This site is optimized with the Yoast SEO plugin v26.4 - https:\/\/yoast.com\/wordpress\/plugins\/seo\/ -->\n<title>Join US - Dermatide<\/title>\n<meta name=\"robots\" content=\"index, follow, max-snippet:-1, max-image-preview:large, max-video-preview:-1\" \/>\n<link rel=\"canonical\" href=\"https:\/\/dermatide.net\/es_es\/join-us\/\" \/>\n<meta property=\"og:locale\" content=\"es_ES\" \/>\n<meta property=\"og:type\" content=\"article\" \/>\n<meta property=\"og:title\" content=\"Join US - Dermatide\" \/>\n<meta property=\"og:description\" content=\"Technical Service Directors\/Managers Share your Resume Are you a cosmetic ingredients professional with a passion for cutting-edge biotechnology \u2014 and a network to match? Who We are? Dermatide Biotec is a Singapore-based biotech start-up on a mission to redefine what active ingredients can do for skin and personal care. Our flagship ingredient, AKNETIDE\u00ae, is the [&hellip;]\" \/>\n<meta property=\"og:url\" content=\"https:\/\/dermatide.net\/es_es\/join-us\/\" \/>\n<meta property=\"og:site_name\" content=\"Dermatide\" \/>\n<meta property=\"article:modified_time\" content=\"2026-04-13T15:17:21+00:00\" \/>\n<meta name=\"twitter:card\" content=\"summary_large_image\" \/>\n<meta name=\"twitter:label1\" content=\"Tiempo de lectura\" \/>\n\t<meta name=\"twitter:data1\" content=\"6 minutos\" \/>\n<script type=\"application\/ld+json\" class=\"yoast-schema-graph\">{\"@context\":\"https:\/\/schema.org\",\"@graph\":[{\"@type\":\"WebPage\",\"@id\":\"https:\/\/dermatide.net\/join-us\/\",\"url\":\"https:\/\/dermatide.net\/join-us\/\",\"name\":\"Join US - Dermatide\",\"isPartOf\":{\"@id\":\"https:\/\/dermatide.net\/#website\"},\"datePublished\":\"2026-04-03T13:10:37+00:00\",\"dateModified\":\"2026-04-13T15:17:21+00:00\",\"breadcrumb\":{\"@id\":\"https:\/\/dermatide.net\/join-us\/#breadcrumb\"},\"inLanguage\":\"es\",\"potentialAction\":[{\"@type\":\"ReadAction\",\"target\":[\"https:\/\/dermatide.net\/join-us\/\"]}]},{\"@type\":\"BreadcrumbList\",\"@id\":\"https:\/\/dermatide.net\/join-us\/#breadcrumb\",\"itemListElement\":[{\"@type\":\"ListItem\",\"position\":1,\"name\":\"Home\",\"item\":\"https:\/\/dermatide.net\/\"},{\"@type\":\"ListItem\",\"position\":2,\"name\":\"Join US\"}]},{\"@type\":\"WebSite\",\"@id\":\"https:\/\/dermatide.net\/#website\",\"url\":\"https:\/\/dermatide.net\/\",\"name\":\"Dermatide\",\"description\":\"\",\"publisher\":{\"@id\":\"https:\/\/dermatide.net\/#organization\"},\"potentialAction\":[{\"@type\":\"SearchAction\",\"target\":{\"@type\":\"EntryPoint\",\"urlTemplate\":\"https:\/\/dermatide.net\/?s={search_term_string}\"},\"query-input\":{\"@type\":\"PropertyValueSpecification\",\"valueRequired\":true,\"valueName\":\"search_term_string\"}}],\"inLanguage\":\"es\"},{\"@type\":\"Organization\",\"@id\":\"https:\/\/dermatide.net\/#organization\",\"name\":\"Dermatide\",\"url\":\"https:\/\/dermatide.net\/\",\"logo\":{\"@type\":\"ImageObject\",\"inLanguage\":\"es\",\"@id\":\"https:\/\/dermatide.net\/#\/schema\/logo\/image\/\",\"url\":\"https:\/\/dermatide.net\/wp-content\/uploads\/2025\/09\/dermatide.png\",\"contentUrl\":\"https:\/\/dermatide.net\/wp-content\/uploads\/2025\/09\/dermatide.png\",\"width\":406,\"height\":105,\"caption\":\"Dermatide\"},\"image\":{\"@id\":\"https:\/\/dermatide.net\/#\/schema\/logo\/image\/\"}}]}<\/script>\n<!-- \/ Yoast SEO plugin. -->","yoast_head_json":{"title":"Join US - Dermatide","robots":{"index":"index","follow":"follow","max-snippet":"max-snippet:-1","max-image-preview":"max-image-preview:large","max-video-preview":"max-video-preview:-1"},"canonical":"https:\/\/dermatide.net\/es_es\/join-us\/","og_locale":"es_ES","og_type":"article","og_title":"Join US - Dermatide","og_description":"Technical Service Directors\/Managers Share your Resume Are you a cosmetic ingredients professional with a passion for cutting-edge biotechnology \u2014 and a network to match? Who We are? Dermatide Biotec is a Singapore-based biotech start-up on a mission to redefine what active ingredients can do for skin and personal care. Our flagship ingredient, AKNETIDE\u00ae, is the [&hellip;]","og_url":"https:\/\/dermatide.net\/es_es\/join-us\/","og_site_name":"Dermatide","article_modified_time":"2026-04-13T15:17:21+00:00","twitter_card":"summary_large_image","twitter_misc":{"Tiempo de lectura":"6 minutos"},"schema":{"@context":"https:\/\/schema.org","@graph":[{"@type":"WebPage","@id":"https:\/\/dermatide.net\/join-us\/","url":"https:\/\/dermatide.net\/join-us\/","name":"Join US - Dermatide","isPartOf":{"@id":"https:\/\/dermatide.net\/#website"},"datePublished":"2026-04-03T13:10:37+00:00","dateModified":"2026-04-13T15:17:21+00:00","breadcrumb":{"@id":"https:\/\/dermatide.net\/join-us\/#breadcrumb"},"inLanguage":"es","potentialAction":[{"@type":"ReadAction","target":["https:\/\/dermatide.net\/join-us\/"]}]},{"@type":"BreadcrumbList","@id":"https:\/\/dermatide.net\/join-us\/#breadcrumb","itemListElement":[{"@type":"ListItem","position":1,"name":"Home","item":"https:\/\/dermatide.net\/"},{"@type":"ListItem","position":2,"name":"Join US"}]},{"@type":"WebSite","@id":"https:\/\/dermatide.net\/#website","url":"https:\/\/dermatide.net\/","name":"Dermatide","description":"","publisher":{"@id":"https:\/\/dermatide.net\/#organization"},"potentialAction":[{"@type":"SearchAction","target":{"@type":"EntryPoint","urlTemplate":"https:\/\/dermatide.net\/?s={search_term_string}"},"query-input":{"@type":"PropertyValueSpecification","valueRequired":true,"valueName":"search_term_string"}}],"inLanguage":"es"},{"@type":"Organization","@id":"https:\/\/dermatide.net\/#organization","name":"Dermatide","url":"https:\/\/dermatide.net\/","logo":{"@type":"ImageObject","inLanguage":"es","@id":"https:\/\/dermatide.net\/#\/schema\/logo\/image\/","url":"https:\/\/dermatide.net\/wp-content\/uploads\/2025\/09\/dermatide.png","contentUrl":"https:\/\/dermatide.net\/wp-content\/uploads\/2025\/09\/dermatide.png","width":406,"height":105,"caption":"Dermatide"},"image":{"@id":"https:\/\/dermatide.net\/#\/schema\/logo\/image\/"}}]}},"_links":{"self":[{"href":"https:\/\/dermatide.net\/es_es\/wp-json\/wp\/v2\/pages\/2403","targetHints":{"allow":["GET"]}}],"collection":[{"href":"https:\/\/dermatide.net\/es_es\/wp-json\/wp\/v2\/pages"}],"about":[{"href":"https:\/\/dermatide.net\/es_es\/wp-json\/wp\/v2\/types\/page"}],"author":[{"embeddable":true,"href":"https:\/\/dermatide.net\/es_es\/wp-json\/wp\/v2\/users\/1"}],"replies":[{"embeddable":true,"href":"https:\/\/dermatide.net\/es_es\/wp-json\/wp\/v2\/comments?post=2403"}],"version-history":[{"count":16,"href":"https:\/\/dermatide.net\/es_es\/wp-json\/wp\/v2\/pages\/2403\/revisions"}],"predecessor-version":[{"id":2462,"href":"https:\/\/dermatide.net\/es_es\/wp-json\/wp\/v2\/pages\/2403\/revisions\/2462"}],"wp:attachment":[{"href":"https:\/\/dermatide.net\/es_es\/wp-json\/wp\/v2\/media?parent=2403"}],"curies":[{"name":"wp","href":"https:\/\/api.w.org\/{rel}","templated":true}]}}