{"id":1299,"date":"2025-11-03T23:55:08","date_gmt":"2025-11-03T23:55:08","guid":{"rendered":"https:\/\/dermatide.net\/?page_id=1299"},"modified":"2025-11-04T00:08:32","modified_gmt":"2025-11-04T00:08:32","slug":"disclaimers","status":"publish","type":"page","link":"https:\/\/dermatide.net\/es_es\/disclaimers\/","title":{"rendered":"Descargo de responsabilidad"},"content":{"rendered":"<div data-elementor-type=\"wp-page\" data-elementor-id=\"1299\" class=\"elementor elementor-1299\" data-elementor-post-type=\"page\">\n\t\t\t\t<div class=\"elementor-element elementor-element-2941ca5 e-flex e-con-boxed e-con e-parent\" data-id=\"2941ca5\" data-element_type=\"container\" data-e-type=\"container\">\n\t\t\t\t\t<div class=\"e-con-inner\">\n\t\t\t\t<div class=\"elementor-element elementor-element-5fdc3cd elementor-widget elementor-widget-text-editor\" data-id=\"5fdc3cd\" data-element_type=\"widget\" data-e-type=\"widget\" data-widget_type=\"text-editor.default\">\n\t\t\t\t\t\t\t\t\t<div id=\"block-19\" class=\"widget widget_block widget_text\"><p class=\"has-text-align-left\"><strong>AVISO LEGAL DEL SITIO WEB<\/strong><\/p><\/div><div id=\"block-20\" class=\"widget widget_block widget_text\"><p class=\"has-text-align-left\">Esta informaci\u00f3n proporcionada por Dermatide Biotec Pte Ltd (\u201cnosotros\u201d, \u201cnos\u201d, o \u201cnuestro\u201d ) en <a href=\"https:\/\/dermatide.net\/es_es\/\">https:\/\/www.dermatide.net<\/a>\u00a0(el \u201cSitio\u201d) tiene \u00fanicamente fines de informaci\u00f3n general. Toda la informaci\u00f3n contenida en el Sitio se facilita de buena fe; sin embargo, no ofrecemos ninguna declaraci\u00f3n ni garant\u00eda de ning\u00fan tipo, expresa o impl\u00edcita, en relaci\u00f3n con la exactitud, adecuaci\u00f3n, validez, fiabilidad, disponibilidad o integridad de la informaci\u00f3n contenida en el Sitio. BAJO NINGUNA CIRCUNSTANCIA SEREMOS RESPONSABLES ANTE USTED POR CUALQUIER P\u00c9RDIDA O DA\u00d1O DE CUALQUIER TIPO INCURRIDO COMO RESULTADO DEL USO DEL SITIO O DE LA CONFIANZA DEPOSITADA EN CUALQUIER INFORMACI\u00d3N PROPORCIONADA EN EL SITIO. EL USO QUE USTED HAGA DEL SITIO Y LA CONFIANZA QUE DEPOSITE EN LA INFORMACI\u00d3N CONTENIDA EN EL MISMO SON DE SU EXCLUSIVA RESPONSABILIDAD.<\/p><\/div><div id=\"block-21\" class=\"widget widget_block widget_text\"><p class=\"has-text-align-left\"><strong>AVISO LEGAL SOBRE ENLACES EXTERNOS<\/strong><\/p><\/div><div id=\"block-22\" class=\"widget widget_block widget_text\"><p class=\"has-text-align-left\">El Sitio puede contener (o usted puede recibir a trav\u00e9s del Sitio) enlaces a otros sitios web o contenidos pertenecientes a terceros o procedentes de terceros, o enlaces a sitios web y funciones en banners u otro tipo de publicidad. No investigamos, supervisamos ni comprobamos la exactitud, adecuaci\u00f3n, validez, fiabilidad o integridad de dichos enlaces externos. NO AVALAMOS, GARANTIZAMOS NI ASUMIMOS RESPONSABILIDAD ALGUNA POR LA EXACTITUD O FIABILIDAD DE LA INFORMACI\u00d3N OFRECIDA EN LOS SITIOS WEB DE TERCEROS ENLAZADOS A TRAV\u00c9S DEL SITIO O EN CUALQUIER SITIO WEB O ELEMENTO ENLAZADO EN CUALQUIER BANNER U OTRO TIPO DE PUBLICIDAD. NO SEREMOS PARTE NI RESPONSABLES EN MODO ALGUNO DE SUPERVISAR NINGUNA TRANSACCI\u00d3N ENTRE USTED Y TERCEROS PROVEEDORES DE PRODUCTOS O SERVICIOS.<\/p><\/div><div id=\"block-23\" class=\"widget widget_block widget_text\"><p class=\"has-text-align-left\"><strong>DESCARGO DE RESPONSABILIDAD PROFESIONAL<\/strong><\/p><\/div><div id=\"block-24\" class=\"widget widget_block widget_text\"><p class=\"has-text-align-left\">El sitio no puede contener ni contiene consejos m\u00e9dicos o sanitarios. La informaci\u00f3n m\u00e9dica\/sanitaria se facilita \u00fanicamente con fines informativos y educativos y no sustituye al asesoramiento profesional. Por consiguiente, antes de emprender cualquier acci\u00f3n basada en dicha informaci\u00f3n, le recomendamos que consulte con los profesionales adecuados. No proporcionamos ning\u00fan tipo de asesoramiento m\u00e9dico\/sanitario. EL USO O LA CONFIANZA DEPOSITADA EN CUALQUIER INFORMACI\u00d3N CONTENIDA EN EL SITIO CORRE EXCLUSIVAMENTE POR SU CUENTA Y RIESGO.<\/p><\/div>\t\t\t\t\t\t\t\t<\/div>\n\t\t\t\t\t<\/div>\n\t\t\t\t<\/div>\n\t\t\t\t<\/div>","protected":false},"excerpt":{"rendered":"<p>WEBSITE DISCLAIMER This information provided by Dermatide Biotec Pte Ltd(\u201cwe\u201d, \u201cus\u201d, or \u201cour\u201d ) on https:\/\/www.dermatide.net\u00a0(the \u201cSite\u201d) is for general information purposes only. All information on the Site is provided in good faith, however we make no representation or warranty of any kind, express or implied, regarding the accuracy, adequacy, validity, reliability, availability, or completeness [&hellip;]<\/p>","protected":false},"author":1,"featured_media":0,"parent":0,"menu_order":0,"comment_status":"closed","ping_status":"closed","template":"","meta":{"_acf_changed":false,"footnotes":""},"class_list":["post-1299","page","type-page","status-publish","hentry"],"acf":[],"yoast_head":"<!-- This site is optimized with the Yoast SEO plugin v26.4 - https:\/\/yoast.com\/wordpress\/plugins\/seo\/ -->\n<title>Disclaimers - Dermatide<\/title>\n<meta name=\"robots\" content=\"index, follow, max-snippet:-1, max-image-preview:large, max-video-preview:-1\" \/>\n<link rel=\"canonical\" href=\"https:\/\/dermatide.net\/es_es\/disclaimers\/\" \/>\n<meta property=\"og:locale\" content=\"es_ES\" \/>\n<meta property=\"og:type\" content=\"article\" \/>\n<meta property=\"og:title\" content=\"Disclaimers - Dermatide\" \/>\n<meta property=\"og:description\" content=\"WEBSITE DISCLAIMER This information provided by Dermatide Biotec Pte Ltd(\u201cwe\u201d, \u201cus\u201d, or \u201cour\u201d ) on https:\/\/www.dermatide.net\u00a0(the \u201cSite\u201d) is for general information purposes only. All information on the Site is provided in good faith, however we make no representation or warranty of any kind, express or implied, regarding the accuracy, adequacy, validity, reliability, availability, or completeness [&hellip;]\" \/>\n<meta property=\"og:url\" content=\"https:\/\/dermatide.net\/es_es\/disclaimers\/\" \/>\n<meta property=\"og:site_name\" content=\"Dermatide\" \/>\n<meta property=\"article:modified_time\" content=\"2025-11-04T00:08:32+00:00\" \/>\n<meta name=\"twitter:card\" content=\"summary_large_image\" \/>\n<meta name=\"twitter:label1\" content=\"Tiempo de lectura\" \/>\n\t<meta name=\"twitter:data1\" content=\"2 minutos\" \/>\n<script type=\"application\/ld+json\" class=\"yoast-schema-graph\">{\"@context\":\"https:\/\/schema.org\",\"@graph\":[{\"@type\":\"WebPage\",\"@id\":\"https:\/\/dermatide.net\/disclaimers\/\",\"url\":\"https:\/\/dermatide.net\/disclaimers\/\",\"name\":\"Disclaimers - Dermatide\",\"isPartOf\":{\"@id\":\"https:\/\/dermatide.net\/#website\"},\"datePublished\":\"2025-11-03T23:55:08+00:00\",\"dateModified\":\"2025-11-04T00:08:32+00:00\",\"breadcrumb\":{\"@id\":\"https:\/\/dermatide.net\/disclaimers\/#breadcrumb\"},\"inLanguage\":\"es\",\"potentialAction\":[{\"@type\":\"ReadAction\",\"target\":[\"https:\/\/dermatide.net\/disclaimers\/\"]}]},{\"@type\":\"BreadcrumbList\",\"@id\":\"https:\/\/dermatide.net\/disclaimers\/#breadcrumb\",\"itemListElement\":[{\"@type\":\"ListItem\",\"position\":1,\"name\":\"Home\",\"item\":\"https:\/\/dermatide.net\/en\/\"},{\"@type\":\"ListItem\",\"position\":2,\"name\":\"Disclaimers\"}]},{\"@type\":\"WebSite\",\"@id\":\"https:\/\/dermatide.net\/#website\",\"url\":\"https:\/\/dermatide.net\/\",\"name\":\"Dermatide\",\"description\":\"\",\"publisher\":{\"@id\":\"https:\/\/dermatide.net\/#organization\"},\"potentialAction\":[{\"@type\":\"SearchAction\",\"target\":{\"@type\":\"EntryPoint\",\"urlTemplate\":\"https:\/\/dermatide.net\/?s={search_term_string}\"},\"query-input\":{\"@type\":\"PropertyValueSpecification\",\"valueRequired\":true,\"valueName\":\"search_term_string\"}}],\"inLanguage\":\"es\"},{\"@type\":\"Organization\",\"@id\":\"https:\/\/dermatide.net\/#organization\",\"name\":\"Dermatide\",\"url\":\"https:\/\/dermatide.net\/\",\"logo\":{\"@type\":\"ImageObject\",\"inLanguage\":\"es\",\"@id\":\"https:\/\/dermatide.net\/#\/schema\/logo\/image\/\",\"url\":\"https:\/\/dermatide.net\/wp-content\/uploads\/2025\/09\/dermatide.png\",\"contentUrl\":\"https:\/\/dermatide.net\/wp-content\/uploads\/2025\/09\/dermatide.png\",\"width\":406,\"height\":105,\"caption\":\"Dermatide\"},\"image\":{\"@id\":\"https:\/\/dermatide.net\/#\/schema\/logo\/image\/\"}}]}<\/script>\n<!-- \/ Yoast SEO plugin. -->","yoast_head_json":{"title":"Descargo de responsabilidad - Dermatide","robots":{"index":"index","follow":"follow","max-snippet":"max-snippet:-1","max-image-preview":"max-image-preview:large","max-video-preview":"max-video-preview:-1"},"canonical":"https:\/\/dermatide.net\/es_es\/disclaimers\/","og_locale":"es_ES","og_type":"article","og_title":"Disclaimers - Dermatide","og_description":"WEBSITE DISCLAIMER This information provided by Dermatide Biotec Pte Ltd(\u201cwe\u201d, \u201cus\u201d, or \u201cour\u201d ) on https:\/\/www.dermatide.net\u00a0(the \u201cSite\u201d) is for general information purposes only. All information on the Site is provided in good faith, however we make no representation or warranty of any kind, express or implied, regarding the accuracy, adequacy, validity, reliability, availability, or completeness [&hellip;]","og_url":"https:\/\/dermatide.net\/es_es\/disclaimers\/","og_site_name":"Dermatide","article_modified_time":"2025-11-04T00:08:32+00:00","twitter_card":"summary_large_image","twitter_misc":{"Tiempo de lectura":"2 minutos"},"schema":{"@context":"https:\/\/schema.org","@graph":[{"@type":"WebPage","@id":"https:\/\/dermatide.net\/disclaimers\/","url":"https:\/\/dermatide.net\/disclaimers\/","name":"Descargo de responsabilidad - Dermatide","isPartOf":{"@id":"https:\/\/dermatide.net\/#website"},"datePublished":"2025-11-03T23:55:08+00:00","dateModified":"2025-11-04T00:08:32+00:00","breadcrumb":{"@id":"https:\/\/dermatide.net\/disclaimers\/#breadcrumb"},"inLanguage":"es","potentialAction":[{"@type":"ReadAction","target":["https:\/\/dermatide.net\/disclaimers\/"]}]},{"@type":"BreadcrumbList","@id":"https:\/\/dermatide.net\/disclaimers\/#breadcrumb","itemListElement":[{"@type":"ListItem","position":1,"name":"Home","item":"https:\/\/dermatide.net\/en\/"},{"@type":"ListItem","position":2,"name":"Disclaimers"}]},{"@type":"WebSite","@id":"https:\/\/dermatide.net\/#website","url":"https:\/\/dermatide.net\/","name":"Dermatide","description":"","publisher":{"@id":"https:\/\/dermatide.net\/#organization"},"potentialAction":[{"@type":"SearchAction","target":{"@type":"EntryPoint","urlTemplate":"https:\/\/dermatide.net\/?s={search_term_string}"},"query-input":{"@type":"PropertyValueSpecification","valueRequired":true,"valueName":"search_term_string"}}],"inLanguage":"es"},{"@type":"Organization","@id":"https:\/\/dermatide.net\/#organization","name":"Dermatide","url":"https:\/\/dermatide.net\/","logo":{"@type":"ImageObject","inLanguage":"es","@id":"https:\/\/dermatide.net\/#\/schema\/logo\/image\/","url":"https:\/\/dermatide.net\/wp-content\/uploads\/2025\/09\/dermatide.png","contentUrl":"https:\/\/dermatide.net\/wp-content\/uploads\/2025\/09\/dermatide.png","width":406,"height":105,"caption":"Dermatide"},"image":{"@id":"https:\/\/dermatide.net\/#\/schema\/logo\/image\/"}}]}},"_links":{"self":[{"href":"https:\/\/dermatide.net\/es_es\/wp-json\/wp\/v2\/pages\/1299","targetHints":{"allow":["GET"]}}],"collection":[{"href":"https:\/\/dermatide.net\/es_es\/wp-json\/wp\/v2\/pages"}],"about":[{"href":"https:\/\/dermatide.net\/es_es\/wp-json\/wp\/v2\/types\/page"}],"author":[{"embeddable":true,"href":"https:\/\/dermatide.net\/es_es\/wp-json\/wp\/v2\/users\/1"}],"replies":[{"embeddable":true,"href":"https:\/\/dermatide.net\/es_es\/wp-json\/wp\/v2\/comments?post=1299"}],"version-history":[{"count":0,"href":"https:\/\/dermatide.net\/es_es\/wp-json\/wp\/v2\/pages\/1299\/revisions"}],"wp:attachment":[{"href":"https:\/\/dermatide.net\/es_es\/wp-json\/wp\/v2\/media?parent=1299"}],"curies":[{"name":"wp","href":"https:\/\/api.w.org\/{rel}","templated":true}]}}