{"id":1017,"date":"2025-11-03T00:04:36","date_gmt":"2025-11-03T00:04:36","guid":{"rendered":"https:\/\/dermatide.net\/?page_id=1017"},"modified":"2025-11-17T16:02:29","modified_gmt":"2025-11-17T16:02:29","slug":"scientific-reference","status":"publish","type":"page","link":"https:\/\/dermatide.net\/es_es\/scientific-reference\/","title":{"rendered":"Referencias cient\u00edficas"},"content":{"rendered":"<div data-elementor-type=\"wp-page\" data-elementor-id=\"1017\" class=\"elementor elementor-1017\" data-elementor-post-type=\"page\">\n\t\t\t\t<div class=\"elementor-element elementor-element-a798847 e-flex e-con-boxed e-con e-parent\" data-id=\"a798847\" data-element_type=\"container\" data-e-type=\"container\" data-settings=\"{&quot;background_background&quot;:&quot;classic&quot;}\">\n\t\t\t\t\t<div class=\"e-con-inner\">\n\t\t\t\t<div class=\"elementor-element elementor-element-dd50625 elementor-widget elementor-widget-heading\" data-id=\"dd50625\" data-element_type=\"widget\" data-e-type=\"widget\" data-widget_type=\"heading.default\">\n\t\t\t\t\t<h2 class=\"elementor-heading-title elementor-size-default\">Referencias cient\u00edficas<\/h2>\t\t\t\t<\/div>\n\t\t\t\t\t<\/div>\n\t\t\t\t<\/div>\n\t\t<div class=\"elementor-element elementor-element-9495141 e-flex e-con-boxed e-con e-parent\" data-id=\"9495141\" data-element_type=\"container\" data-e-type=\"container\">\n\t\t\t\t\t<div class=\"e-con-inner\">\n\t\t\t\t<div class=\"elementor-element elementor-element-2afe397 elementor-widget elementor-widget-spacer\" data-id=\"2afe397\" data-element_type=\"widget\" data-e-type=\"widget\" data-widget_type=\"spacer.default\">\n\t\t\t\t\t\t\t<div class=\"elementor-spacer\">\n\t\t\t<div class=\"elementor-spacer-inner\"><\/div>\n\t\t<\/div>\n\t\t\t\t\t\t<\/div>\n\t\t\t\t\t<\/div>\n\t\t\t\t<\/div>\n\t\t<div class=\"elementor-element elementor-element-e7e5806 e-flex e-con-boxed e-con e-parent\" data-id=\"e7e5806\" data-element_type=\"container\" data-e-type=\"container\">\n\t\t\t\t\t<div class=\"e-con-inner\">\n\t\t<div class=\"elementor-element elementor-element-71c181c e-con-full e-flex e-con e-child\" data-id=\"71c181c\" data-element_type=\"container\" data-e-type=\"container\">\n\t\t\t\t<div class=\"elementor-element elementor-element-05971bc elementor-widget elementor-widget-heading\" data-id=\"05971bc\" data-element_type=\"widget\" data-e-type=\"widget\" data-widget_type=\"heading.default\">\n\t\t\t\t\t<p class=\"elementor-heading-title elementor-size-default\">1. Epidemiolog\u00eda del acn\u00e9 y la ros\u00e1cea: A\n estudio mundial<\/p>\t\t\t\t<\/div>\n\t\t\t\t<\/div>\n\t\t<div class=\"elementor-element elementor-element-89350e3 e-con-full e-flex e-con e-child\" data-id=\"89350e3\" data-element_type=\"container\" data-e-type=\"container\">\n\t\t\t\t<div class=\"elementor-element elementor-element-2025a57 elementor-widget elementor-widget-text-editor\" data-id=\"2025a57\" data-element_type=\"widget\" data-e-type=\"widget\" data-widget_type=\"text-editor.default\">\n\t\t\t\t\t\t\t\t\t<p>Laboratorios Pierre Fabre (2024), publicado en el Journal of the American Academy of Dermatology (JAAD).<em style=\"font-family: Arial, sans-serif; font-size: 11px; text-align: right;\">,<\/em><span style=\"color: #000000;\">\u00a0<\/span><\/p>\t\t\t\t\t\t\t\t<\/div>\n\t\t\t\t<\/div>\n\t\t\t\t\t<\/div>\n\t\t\t\t<\/div>\n\t\t<div class=\"elementor-element elementor-element-da91d10 e-flex e-con-boxed e-con e-parent\" data-id=\"da91d10\" data-element_type=\"container\" data-e-type=\"container\">\n\t\t\t\t\t<div class=\"e-con-inner\">\n\t\t<div class=\"elementor-element elementor-element-3c15ec0 e-con-full e-flex e-con e-child\" data-id=\"3c15ec0\" data-element_type=\"container\" data-e-type=\"container\">\n\t\t\t\t<div class=\"elementor-element elementor-element-6426210 elementor-widget elementor-widget-heading\" data-id=\"6426210\" data-element_type=\"widget\" data-e-type=\"widget\" data-widget_type=\"heading.default\">\n\t\t\t\t\t<p class=\"elementor-heading-title elementor-size-default\">2. Acn\u00e9 vulgar<\/p>\t\t\t\t<\/div>\n\t\t\t\t<\/div>\n\t\t<div class=\"elementor-element elementor-element-31f7cad e-con-full e-flex e-con e-child\" data-id=\"31f7cad\" data-element_type=\"container\" data-e-type=\"container\">\n\t\t\t\t<div class=\"elementor-element elementor-element-65b8f06 elementor-widget elementor-widget-text-editor\" data-id=\"65b8f06\" data-element_type=\"widget\" data-e-type=\"widget\" data-widget_type=\"text-editor.default\">\n\t\t\t\t\t\t\t\t\t<p><span class=\"docsum-authors full-authors\">Williams HC, Dellavalle RP, Garner S.<\/span><span class=\"docsum-journal-citation full-journal-citation\">Lancet. 2012 Jan 28;379(9813):361-72. doi: 10.1016\/S0140-6736(11)60321-8. Epub 2011 Ago 29.<\/span><\/p>\t\t\t\t\t\t\t\t<\/div>\n\t\t\t\t<\/div>\n\t\t\t\t\t<\/div>\n\t\t\t\t<\/div>\n\t\t<div class=\"elementor-element elementor-element-acdfaff e-flex e-con-boxed e-con e-parent\" data-id=\"acdfaff\" data-element_type=\"container\" data-e-type=\"container\">\n\t\t\t\t\t<div class=\"e-con-inner\">\n\t\t<div class=\"elementor-element elementor-element-57fbc3f e-con-full e-flex e-con e-child\" data-id=\"57fbc3f\" data-element_type=\"container\" data-e-type=\"container\">\n\t\t\t\t<div class=\"elementor-element elementor-element-4909bd6 elementor-widget elementor-widget-heading\" data-id=\"4909bd6\" data-element_type=\"widget\" data-e-type=\"widget\" data-widget_type=\"heading.default\">\n\t\t\t\t\t<p class=\"elementor-heading-title elementor-size-default\">3. Acn\u00e9 vulgar: patogenia, tratamiento y evaluaci\u00f3n de necesidades.<\/p>\t\t\t\t<\/div>\n\t\t\t\t<\/div>\n\t\t<div class=\"elementor-element elementor-element-9def9b0 e-con-full e-flex e-con e-child\" data-id=\"9def9b0\" data-element_type=\"container\" data-e-type=\"container\">\n\t\t\t\t<div class=\"elementor-element elementor-element-b27c74c elementor-widget elementor-widget-text-editor\" data-id=\"b27c74c\" data-element_type=\"widget\" data-e-type=\"widget\" data-widget_type=\"text-editor.default\">\n\t\t\t\t\t\t\t\t\t<p><span class=\"docsum-authors full-authors\">Knutsen-Larson S, Dawson AL, Dunnick CA, Dellavalle RP.<\/span><span class=\"docsum-journal-citation full-journal-citation\">Dermatol Clin. 2012 Jan;30(1):99-106, viii-ix. doi: 10.1016\/j.det.2011.09.001. Epub 2011 Oct 21.<\/span><\/p>\t\t\t\t\t\t\t\t<\/div>\n\t\t\t\t<\/div>\n\t\t\t\t\t<\/div>\n\t\t\t\t<\/div>\n\t\t<div class=\"elementor-element elementor-element-715ff3a e-flex e-con-boxed e-con e-parent\" data-id=\"715ff3a\" data-element_type=\"container\" data-e-type=\"container\">\n\t\t\t\t\t<div class=\"e-con-inner\">\n\t\t<div class=\"elementor-element elementor-element-36af94b e-con-full e-flex e-con e-child\" data-id=\"36af94b\" data-element_type=\"container\" data-e-type=\"container\">\n\t\t\t\t<div class=\"elementor-element elementor-element-7eca5e7 elementor-widget elementor-widget-heading\" data-id=\"7eca5e7\" data-element_type=\"widget\" data-e-type=\"widget\" data-widget_type=\"heading.default\">\n\t\t\t\t\t<p class=\"elementor-heading-title elementor-size-default\">4. Modelos para el acn\u00e9: Un estudio exhaustivo.<\/p>\t\t\t\t<\/div>\n\t\t\t\t<\/div>\n\t\t<div class=\"elementor-element elementor-element-be3833e e-con-full e-flex e-con e-child\" data-id=\"be3833e\" data-element_type=\"container\" data-e-type=\"container\">\n\t\t\t\t<div class=\"elementor-element elementor-element-dc2d7e3 elementor-widget elementor-widget-text-editor\" data-id=\"dc2d7e3\" data-element_type=\"widget\" data-e-type=\"widget\" data-widget_type=\"text-editor.default\">\n\t\t\t\t\t\t\t\t\t<p><span class=\"docsum-authors full-authors\">Kanwar IL, Haider T, Kumari A, Dubey S, Jain P, Soni V.<\/span><span class=\"docsum-journal-citation full-journal-citation\">Drug Discov Ther. 2018;12(6):329-340. doi: 10.5582\/ddt.2018.01079.<\/span><\/p>\t\t\t\t\t\t\t\t<\/div>\n\t\t\t\t<\/div>\n\t\t\t\t\t<\/div>\n\t\t\t\t<\/div>\n\t\t\t\t<\/div>","protected":false},"excerpt":{"rendered":"<p>Referencias cient\u00edficas 1. Epidemiolog\u00eda del acn\u00e9 y la ros\u00e1cea: A worldwide global study Laboratorios Pierre Fabre (2024), publicado en el Journal of the American Academy of Dermatology (JAAD), 2. Acn\u00e9 vulgar Williams HC, Dellavalle RP, Garner S. Lancet. Acn\u00e9 vulgar Williams HC, Dellavalle RP, Garner S.Lancet. 2012 Jan 28;379(9813):361-72. doi: 10.1016\/S0140-6736(11)60321-8. Epub 2011 ago 29. 3. Acn\u00e9 vulgar: patogenia, tratamiento y evaluaci\u00f3n de necesidades. Knutsen-Larson S, [...]<\/p>","protected":false},"author":1,"featured_media":0,"parent":0,"menu_order":0,"comment_status":"closed","ping_status":"closed","template":"","meta":{"_acf_changed":false,"footnotes":""},"class_list":["post-1017","page","type-page","status-publish","hentry"],"acf":[],"yoast_head":"<!-- This site is optimized with the Yoast SEO plugin v26.4 - https:\/\/yoast.com\/wordpress\/plugins\/seo\/ -->\n<title>Scientific References - Dermatide<\/title>\n<meta name=\"robots\" content=\"index, follow, max-snippet:-1, max-image-preview:large, max-video-preview:-1\" \/>\n<link rel=\"canonical\" href=\"https:\/\/dermatide.net\/es_es\/scientific-reference\/\" \/>\n<meta property=\"og:locale\" content=\"es_ES\" \/>\n<meta property=\"og:type\" content=\"article\" \/>\n<meta property=\"og:title\" content=\"Scientific References - Dermatide\" \/>\n<meta property=\"og:description\" content=\"Scientific References 1. Epidemiology of acne and rosacea: A worldwide global study Pierre Fabre Laboratories (2024), published in the Journal of the American Academy of Dermatology (JAAD),\u00a0 2. Acne vulgaris Williams HC, Dellavalle RP, Garner S.Lancet. 2012 Jan 28;379(9813):361-72. doi: 10.1016\/S0140-6736(11)60321-8. Epub 2011 Aug 29. 3. Acne vulgaris: pathogenesis, treatment, and needs assessment. Knutsen-Larson S, [&hellip;]\" \/>\n<meta property=\"og:url\" content=\"https:\/\/dermatide.net\/es_es\/scientific-reference\/\" \/>\n<meta property=\"og:site_name\" content=\"Dermatide\" \/>\n<meta property=\"article:modified_time\" content=\"2025-11-17T16:02:29+00:00\" \/>\n<meta name=\"twitter:card\" content=\"summary_large_image\" \/>\n<script type=\"application\/ld+json\" class=\"yoast-schema-graph\">{\"@context\":\"https:\/\/schema.org\",\"@graph\":[{\"@type\":\"WebPage\",\"@id\":\"https:\/\/dermatide.net\/scientific-reference\/\",\"url\":\"https:\/\/dermatide.net\/scientific-reference\/\",\"name\":\"Scientific References - Dermatide\",\"isPartOf\":{\"@id\":\"https:\/\/dermatide.net\/#website\"},\"datePublished\":\"2025-11-03T00:04:36+00:00\",\"dateModified\":\"2025-11-17T16:02:29+00:00\",\"breadcrumb\":{\"@id\":\"https:\/\/dermatide.net\/scientific-reference\/#breadcrumb\"},\"inLanguage\":\"es\",\"potentialAction\":[{\"@type\":\"ReadAction\",\"target\":[\"https:\/\/dermatide.net\/scientific-reference\/\"]}]},{\"@type\":\"BreadcrumbList\",\"@id\":\"https:\/\/dermatide.net\/scientific-reference\/#breadcrumb\",\"itemListElement\":[{\"@type\":\"ListItem\",\"position\":1,\"name\":\"Home\",\"item\":\"https:\/\/dermatide.net\/en\/\"},{\"@type\":\"ListItem\",\"position\":2,\"name\":\"Scientific References\"}]},{\"@type\":\"WebSite\",\"@id\":\"https:\/\/dermatide.net\/#website\",\"url\":\"https:\/\/dermatide.net\/\",\"name\":\"Dermatide\",\"description\":\"\",\"publisher\":{\"@id\":\"https:\/\/dermatide.net\/#organization\"},\"potentialAction\":[{\"@type\":\"SearchAction\",\"target\":{\"@type\":\"EntryPoint\",\"urlTemplate\":\"https:\/\/dermatide.net\/?s={search_term_string}\"},\"query-input\":{\"@type\":\"PropertyValueSpecification\",\"valueRequired\":true,\"valueName\":\"search_term_string\"}}],\"inLanguage\":\"es\"},{\"@type\":\"Organization\",\"@id\":\"https:\/\/dermatide.net\/#organization\",\"name\":\"Dermatide\",\"url\":\"https:\/\/dermatide.net\/\",\"logo\":{\"@type\":\"ImageObject\",\"inLanguage\":\"es\",\"@id\":\"https:\/\/dermatide.net\/#\/schema\/logo\/image\/\",\"url\":\"https:\/\/dermatide.net\/wp-content\/uploads\/2025\/09\/dermatide.png\",\"contentUrl\":\"https:\/\/dermatide.net\/wp-content\/uploads\/2025\/09\/dermatide.png\",\"width\":406,\"height\":105,\"caption\":\"Dermatide\"},\"image\":{\"@id\":\"https:\/\/dermatide.net\/#\/schema\/logo\/image\/\"}}]}<\/script>\n<!-- \/ Yoast SEO plugin. -->","yoast_head_json":{"title":"Referencias cient\u00edficas - Dermatide","robots":{"index":"index","follow":"follow","max-snippet":"max-snippet:-1","max-image-preview":"max-image-preview:large","max-video-preview":"max-video-preview:-1"},"canonical":"https:\/\/dermatide.net\/es_es\/scientific-reference\/","og_locale":"es_ES","og_type":"article","og_title":"Scientific References - Dermatide","og_description":"Scientific References 1. Epidemiology of acne and rosacea: A worldwide global study Pierre Fabre Laboratories (2024), published in the Journal of the American Academy of Dermatology (JAAD),\u00a0 2. Acne vulgaris Williams HC, Dellavalle RP, Garner S.Lancet. 2012 Jan 28;379(9813):361-72. doi: 10.1016\/S0140-6736(11)60321-8. Epub 2011 Aug 29. 3. Acne vulgaris: pathogenesis, treatment, and needs assessment. Knutsen-Larson S, [&hellip;]","og_url":"https:\/\/dermatide.net\/es_es\/scientific-reference\/","og_site_name":"Dermatide","article_modified_time":"2025-11-17T16:02:29+00:00","twitter_card":"summary_large_image","schema":{"@context":"https:\/\/schema.org","@graph":[{"@type":"WebPage","@id":"https:\/\/dermatide.net\/scientific-reference\/","url":"https:\/\/dermatide.net\/scientific-reference\/","name":"Referencias cient\u00edficas - Dermatide","isPartOf":{"@id":"https:\/\/dermatide.net\/#website"},"datePublished":"2025-11-03T00:04:36+00:00","dateModified":"2025-11-17T16:02:29+00:00","breadcrumb":{"@id":"https:\/\/dermatide.net\/scientific-reference\/#breadcrumb"},"inLanguage":"es","potentialAction":[{"@type":"ReadAction","target":["https:\/\/dermatide.net\/scientific-reference\/"]}]},{"@type":"BreadcrumbList","@id":"https:\/\/dermatide.net\/scientific-reference\/#breadcrumb","itemListElement":[{"@type":"ListItem","position":1,"name":"Home","item":"https:\/\/dermatide.net\/en\/"},{"@type":"ListItem","position":2,"name":"Scientific References"}]},{"@type":"WebSite","@id":"https:\/\/dermatide.net\/#website","url":"https:\/\/dermatide.net\/","name":"Dermatide","description":"","publisher":{"@id":"https:\/\/dermatide.net\/#organization"},"potentialAction":[{"@type":"SearchAction","target":{"@type":"EntryPoint","urlTemplate":"https:\/\/dermatide.net\/?s={search_term_string}"},"query-input":{"@type":"PropertyValueSpecification","valueRequired":true,"valueName":"search_term_string"}}],"inLanguage":"es"},{"@type":"Organization","@id":"https:\/\/dermatide.net\/#organization","name":"Dermatide","url":"https:\/\/dermatide.net\/","logo":{"@type":"ImageObject","inLanguage":"es","@id":"https:\/\/dermatide.net\/#\/schema\/logo\/image\/","url":"https:\/\/dermatide.net\/wp-content\/uploads\/2025\/09\/dermatide.png","contentUrl":"https:\/\/dermatide.net\/wp-content\/uploads\/2025\/09\/dermatide.png","width":406,"height":105,"caption":"Dermatide"},"image":{"@id":"https:\/\/dermatide.net\/#\/schema\/logo\/image\/"}}]}},"_links":{"self":[{"href":"https:\/\/dermatide.net\/es_es\/wp-json\/wp\/v2\/pages\/1017","targetHints":{"allow":["GET"]}}],"collection":[{"href":"https:\/\/dermatide.net\/es_es\/wp-json\/wp\/v2\/pages"}],"about":[{"href":"https:\/\/dermatide.net\/es_es\/wp-json\/wp\/v2\/types\/page"}],"author":[{"embeddable":true,"href":"https:\/\/dermatide.net\/es_es\/wp-json\/wp\/v2\/users\/1"}],"replies":[{"embeddable":true,"href":"https:\/\/dermatide.net\/es_es\/wp-json\/wp\/v2\/comments?post=1017"}],"version-history":[{"count":0,"href":"https:\/\/dermatide.net\/es_es\/wp-json\/wp\/v2\/pages\/1017\/revisions"}],"wp:attachment":[{"href":"https:\/\/dermatide.net\/es_es\/wp-json\/wp\/v2\/media?parent=1017"}],"curies":[{"name":"wp","href":"https:\/\/api.w.org\/{rel}","templated":true}]}}