{"id":986,"date":"2025-11-02T17:23:13","date_gmt":"2025-11-02T17:23:13","guid":{"rendered":"https:\/\/dermatide.net\/?page_id=986"},"modified":"2025-11-20T07:53:01","modified_gmt":"2025-11-20T07:53:01","slug":"elementor-page-986","status":"publish","type":"page","link":"https:\/\/dermatide.net\/de\/aknetide-best-anti-acne-ingredient\/elementor-page-986\/","title":{"rendered":"Anwendungsempfehlung"},"content":{"rendered":"<div data-elementor-type=\"wp-page\" data-elementor-id=\"986\" class=\"elementor elementor-986\" data-elementor-post-type=\"page\">\n\t\t\t\t<div class=\"elementor-element elementor-element-1488113 e-flex e-con-boxed e-con e-parent\" data-id=\"1488113\" data-element_type=\"container\" data-e-type=\"container\">\n\t\t\t\t\t<div class=\"e-con-inner\">\n\t\t\t\t<div class=\"elementor-element elementor-element-aa08aa4 elementor-widget elementor-widget-heading\" data-id=\"aa08aa4\" data-element_type=\"widget\" data-e-type=\"widget\" data-widget_type=\"heading.default\">\n\t\t\t\t\t<h2 class=\"elementor-heading-title elementor-size-default\">Anwendungsempfehlung<\/h2>\t\t\t\t<\/div>\n\t\t\t\t\t<\/div>\n\t\t\t\t<\/div>\n\t\t<div class=\"elementor-element elementor-element-f790354 e-flex e-con-boxed e-con e-parent\" data-id=\"f790354\" data-element_type=\"container\" data-e-type=\"container\">\n\t\t\t\t\t<div class=\"e-con-inner\">\n\t\t<div class=\"elementor-element elementor-element-a79986d e-con-full e-flex e-con e-child\" data-id=\"a79986d\" data-element_type=\"container\" data-e-type=\"container\">\n\t\t\t\t<div class=\"elementor-element elementor-element-0a19b01 elementor-widget elementor-widget-image\" data-id=\"0a19b01\" data-element_type=\"widget\" data-e-type=\"widget\" data-widget_type=\"image.default\">\n\t\t\t\t\t\t\t\t\t\t\t\t\t\t\t<img decoding=\"async\" width=\"360\" height=\"75\" src=\"https:\/\/dermatide.net\/wp-content\/uploads\/2025\/11\/wechat_2025-10-28_110331_926.png\" class=\"attachment-medium_large size-medium_large wp-image-1525\" alt=\"\" srcset=\"https:\/\/dermatide.net\/wp-content\/uploads\/2025\/11\/wechat_2025-10-28_110331_926.png 360w, https:\/\/dermatide.net\/wp-content\/uploads\/2025\/11\/wechat_2025-10-28_110331_926-300x63.png 300w\" sizes=\"(max-width: 360px) 100vw, 360px\" \/>\t\t\t\t\t\t\t\t\t\t\t\t\t\t\t<\/div>\n\t\t\t\t<div class=\"elementor-element elementor-element-0c490a9 elementor-widget-tablet__width-initial elementor-widget elementor-widget-heading\" data-id=\"0c490a9\" data-element_type=\"widget\" data-e-type=\"widget\" data-widget_type=\"heading.default\">\n\t\t\t\t\t<h2 class=\"elementor-heading-title elementor-size-default\">Spezifikation von AKNETIDE<sup>\u00ae<\/h2>\t\t\t\t<\/div>\n\t\t\t\t<div class=\"elementor-element elementor-element-6bba90e elementor-widget elementor-widget-text-editor\" data-id=\"6bba90e\" data-element_type=\"widget\" data-e-type=\"widget\" data-widget_type=\"text-editor.default\">\n\t\t\t\t\t\t\t\t\t<p><b>Name des Produkts<\/b>: AKNETIDE<sup>\u00ae <\/sup>Antrimikrobielles Cyclopeptid<\/p><p><b>INCI<\/b>: Bacillus Ferment<\/p><p><b>Optimale Arbeitsbedingungen <\/b><\/p><ul><li>pH-Wert: 4,0~7,0<\/li><li>L\u00f6slichkeit: wasser- und glycerinl\u00f6slich<\/li><\/ul><ul><li>Vermeiden Sie die Vermischung mit starken S\u00e4uren oder Laugen<\/li><li>Vermeiden Sie eine Behandlung bei hohen Temperaturen. Am besten gegen Ende der Rezepturausf\u00fchrung in das System dosieren.<\/li><\/ul>\t\t\t\t\t\t\t\t<\/div>\n\t\t\t\t<\/div>\n\t\t<div class=\"elementor-element elementor-element-de7a2b1 e-con-full e-flex e-con e-child\" data-id=\"de7a2b1\" data-element_type=\"container\" data-e-type=\"container\">\n\t\t\t\t<div class=\"elementor-element elementor-element-1b52784 elementor-widget elementor-widget-image\" data-id=\"1b52784\" data-element_type=\"widget\" data-e-type=\"widget\" data-widget_type=\"image.default\">\n\t\t\t\t\t\t\t\t\t\t\t\t\t\t\t<img fetchpriority=\"high\" decoding=\"async\" width=\"800\" height=\"600\" src=\"https:\/\/dermatide.net\/wp-content\/uploads\/2025\/10\/5266092b1e5fac69c6c19b4f933e5be2-1024x768.jpg\" class=\"attachment-large size-large wp-image-853\" alt=\"\" srcset=\"https:\/\/dermatide.net\/wp-content\/uploads\/2025\/10\/5266092b1e5fac69c6c19b4f933e5be2-1024x768.jpg 1024w, https:\/\/dermatide.net\/wp-content\/uploads\/2025\/10\/5266092b1e5fac69c6c19b4f933e5be2-300x225.jpg 300w, https:\/\/dermatide.net\/wp-content\/uploads\/2025\/10\/5266092b1e5fac69c6c19b4f933e5be2-768x576.jpg 768w, https:\/\/dermatide.net\/wp-content\/uploads\/2025\/10\/5266092b1e5fac69c6c19b4f933e5be2.jpg 1280w\" sizes=\"(max-width: 800px) 100vw, 800px\" \/>\t\t\t\t\t\t\t\t\t\t\t\t\t\t\t<\/div>\n\t\t\t\t<div class=\"elementor-element elementor-element-bff10fc elementor-widget elementor-widget-text-editor\" data-id=\"bff10fc\" data-element_type=\"widget\" data-e-type=\"widget\" data-widget_type=\"text-editor.default\">\n\t\t\t\t\t\t\t\t\t<p><b>* Empfohlene Dosis<\/b>:<\/p><p>\u00a00,25% ~ 1,0% in der vollst\u00e4ndigen Formel<\/p>\t\t\t\t\t\t\t\t<\/div>\n\t\t\t\t<\/div>\n\t\t\t\t\t<\/div>\n\t\t\t\t<\/div>\n\t\t<div class=\"elementor-element elementor-element-b32570b e-flex e-con-boxed e-con e-parent\" data-id=\"b32570b\" data-element_type=\"container\" data-e-type=\"container\">\n\t\t\t\t\t<div class=\"e-con-inner\">\n\t\t<div class=\"elementor-element elementor-element-cc4bdcd e-con-full e-flex e-con e-child\" data-id=\"cc4bdcd\" data-element_type=\"container\" data-e-type=\"container\">\n\t\t\t\t<div class=\"elementor-element elementor-element-663218b elementor-widget elementor-widget-image\" data-id=\"663218b\" data-element_type=\"widget\" data-e-type=\"widget\" data-widget_type=\"image.default\">\n\t\t\t\t\t\t\t\t\t\t\t\t\t\t\t<img decoding=\"async\" width=\"800\" height=\"607\" src=\"https:\/\/dermatide.net\/wp-content\/uploads\/2025\/11\/wechat_2025-11-03_005650_311.png\" class=\"attachment-large size-large wp-image-983\" alt=\"\" srcset=\"https:\/\/dermatide.net\/wp-content\/uploads\/2025\/11\/wechat_2025-11-03_005650_311.png 957w, https:\/\/dermatide.net\/wp-content\/uploads\/2025\/11\/wechat_2025-11-03_005650_311-300x228.png 300w, https:\/\/dermatide.net\/wp-content\/uploads\/2025\/11\/wechat_2025-11-03_005650_311-768x583.png 768w\" sizes=\"(max-width: 800px) 100vw, 800px\" \/>\t\t\t\t\t\t\t\t\t\t\t\t\t\t\t<\/div>\n\t\t\t\t<\/div>\n\t\t<div class=\"elementor-element elementor-element-12c1a2d e-con-full e-flex e-con e-child\" data-id=\"12c1a2d\" data-element_type=\"container\" data-e-type=\"container\">\n\t\t\t\t<div class=\"elementor-element elementor-element-05adf28 elementor-widget elementor-widget-heading\" data-id=\"05adf28\" data-element_type=\"widget\" data-e-type=\"widget\" data-widget_type=\"heading.default\">\n\t\t\t\t\t<h2 class=\"elementor-heading-title elementor-size-default\">Anmeldung<\/h2>\t\t\t\t<\/div>\n\t\t<div class=\"elementor-element elementor-element-051ba4a e-con-full e-flex e-con e-child\" data-id=\"051ba4a\" data-element_type=\"container\" data-e-type=\"container\">\n\t\t\t\t<div class=\"elementor-element elementor-element-3334789 elementor-icon-list--layout-traditional elementor-list-item-link-full_width elementor-widget elementor-widget-icon-list\" data-id=\"3334789\" data-element_type=\"widget\" data-e-type=\"widget\" data-widget_type=\"icon-list.default\">\n\t\t\t\t\t\t\t<ul class=\"elementor-icon-list-items\">\n\t\t\t\t\t\t\t<li class=\"elementor-icon-list-item\">\n\t\t\t\t\t\t\t\t\t\t\t<span class=\"elementor-icon-list-icon\">\n\t\t\t\t\t\t\t<i aria-hidden=\"true\" class=\"icofont icofont-check-circled\"><\/i>\t\t\t\t\t\t<\/span>\n\t\t\t\t\t\t\t\t\t\t<span class=\"elementor-icon-list-text\">Geeignet f\u00fcr: Creme, Lotion, Essenz und Spray<\/span>\n\t\t\t\t\t\t\t\t\t<\/li>\n\t\t\t\t\t\t\t\t<li class=\"elementor-icon-list-item\">\n\t\t\t\t\t\t\t\t\t\t\t<span class=\"elementor-icon-list-icon\">\n\t\t\t\t\t\t\t<i aria-hidden=\"true\" class=\"ion ion-ios-checkmark-circle-outline\"><\/i>\t\t\t\t\t\t<\/span>\n\t\t\t\t\t\t\t\t\t\t<span class=\"elementor-icon-list-text\">Besonders geeignet f\u00fcr: Gefriergetrocknete Maske, Gel und Entsorgung<\/span>\n\t\t\t\t\t\t\t\t\t<\/li>\n\t\t\t\t\t\t\t\t<li class=\"elementor-icon-list-item\">\n\t\t\t\t\t\t\t\t\t\t\t<span class=\"elementor-icon-list-icon\">\n\t\t\t\t\t\t\t<i aria-hidden=\"true\" class=\"lnr lnr-cross-circle\"><\/i>\t\t\t\t\t\t<\/span>\n\t\t\t\t\t\t\t\t\t\t<span class=\"elementor-icon-list-text\">Nicht empfohlen f\u00fcr Gesichtsreiniger<\/span>\n\t\t\t\t\t\t\t\t\t<\/li>\n\t\t\t\t\t\t<\/ul>\n\t\t\t\t\t\t<\/div>\n\t\t\t\t<\/div>\n\t\t\t\t<\/div>\n\t\t\t\t\t<\/div>\n\t\t\t\t<\/div>\n\t\t\t\t<\/div>","protected":false},"excerpt":{"rendered":"<p>Anwendungsempfehlung Spezifikation von AKNETIDE\u00ae Produktname: AKNETIDE\u00ae Antrimikrobielles Cyclopeptid INCI: Bacillus Ferment Optimale Arbeitsbedingungen pH: 4.0~7.0 L\u00f6slichkeit: wasser- und glycerinl\u00f6slich Vermeiden Sie die Vermischung mit starken S\u00e4uren oder Laugen Vermeiden Sie die Behandlung bei hohen Temperaturen. Am besten dosiert man in das Formelsystem gegen Ende der Ausf\u00fchrung der Formel. * Empfohlene Dosis: 0,25% ~ 1,0% bei [...]<\/p>","protected":false},"author":1,"featured_media":0,"parent":538,"menu_order":3,"comment_status":"closed","ping_status":"closed","template":"","meta":{"_acf_changed":false,"footnotes":""},"class_list":["post-986","page","type-page","status-publish","hentry"],"acf":[],"yoast_head":"<!-- This site is optimized with the Yoast SEO plugin v26.4 - https:\/\/yoast.com\/wordpress\/plugins\/seo\/ -->\n<title>Application Recommendation - Dermatide<\/title>\n<meta name=\"robots\" content=\"index, follow, max-snippet:-1, max-image-preview:large, max-video-preview:-1\" \/>\n<link rel=\"canonical\" href=\"https:\/\/dermatide.net\/de\/aknetide-best-anti-acne-ingredient\/elementor-page-986\/\" \/>\n<meta property=\"og:locale\" content=\"de_DE\" \/>\n<meta property=\"og:type\" content=\"article\" \/>\n<meta property=\"og:title\" content=\"Application Recommendation - Dermatide\" \/>\n<meta property=\"og:description\" content=\"Application Recommendation Specification of AKNETIDE\u00ae Product name: AKNETIDE\u00ae Antrimicrobial Cyclopeptide INCI: Bacillus Ferment Optimal work conditions pH: 4.0~7.0 Solubility: water and glycerol soluble Avoid from blendnig nwith strong acid or alkaline Avoid from high temperature treatment. Best to dose into formula system near the end of formula execution. * Recommended dose: \u00a00.25% ~ 1.0% at [&hellip;]\" \/>\n<meta property=\"og:url\" content=\"https:\/\/dermatide.net\/de\/aknetide-best-anti-acne-ingredient\/elementor-page-986\/\" \/>\n<meta property=\"og:site_name\" content=\"Dermatide\" \/>\n<meta property=\"article:modified_time\" content=\"2025-11-20T07:53:01+00:00\" \/>\n<meta property=\"og:image\" content=\"https:\/\/dermatide.net\/wp-content\/uploads\/2025\/11\/wechat_2025-10-28_110331_926.png\" \/>\n\t<meta property=\"og:image:width\" content=\"360\" \/>\n\t<meta property=\"og:image:height\" content=\"75\" \/>\n\t<meta property=\"og:image:type\" content=\"image\/png\" \/>\n<meta name=\"twitter:card\" content=\"summary_large_image\" \/>\n<script type=\"application\/ld+json\" class=\"yoast-schema-graph\">{\"@context\":\"https:\/\/schema.org\",\"@graph\":[{\"@type\":\"WebPage\",\"@id\":\"https:\/\/dermatide.net\/aknetide-best-anti-acne-ingredient\/elementor-page-986\/\",\"url\":\"https:\/\/dermatide.net\/aknetide-best-anti-acne-ingredient\/elementor-page-986\/\",\"name\":\"Application Recommendation - Dermatide\",\"isPartOf\":{\"@id\":\"https:\/\/dermatide.net\/#website\"},\"primaryImageOfPage\":{\"@id\":\"https:\/\/dermatide.net\/aknetide-best-anti-acne-ingredient\/elementor-page-986\/#primaryimage\"},\"image\":{\"@id\":\"https:\/\/dermatide.net\/aknetide-best-anti-acne-ingredient\/elementor-page-986\/#primaryimage\"},\"thumbnailUrl\":\"https:\/\/dermatide.net\/wp-content\/uploads\/2025\/11\/wechat_2025-10-28_110331_926.png\",\"datePublished\":\"2025-11-02T17:23:13+00:00\",\"dateModified\":\"2025-11-20T07:53:01+00:00\",\"breadcrumb\":{\"@id\":\"https:\/\/dermatide.net\/aknetide-best-anti-acne-ingredient\/elementor-page-986\/#breadcrumb\"},\"inLanguage\":\"de\",\"potentialAction\":[{\"@type\":\"ReadAction\",\"target\":[\"https:\/\/dermatide.net\/aknetide-best-anti-acne-ingredient\/elementor-page-986\/\"]}]},{\"@type\":\"ImageObject\",\"inLanguage\":\"de\",\"@id\":\"https:\/\/dermatide.net\/aknetide-best-anti-acne-ingredient\/elementor-page-986\/#primaryimage\",\"url\":\"https:\/\/dermatide.net\/wp-content\/uploads\/2025\/11\/wechat_2025-10-28_110331_926.png\",\"contentUrl\":\"https:\/\/dermatide.net\/wp-content\/uploads\/2025\/11\/wechat_2025-10-28_110331_926.png\"},{\"@type\":\"BreadcrumbList\",\"@id\":\"https:\/\/dermatide.net\/aknetide-best-anti-acne-ingredient\/elementor-page-986\/#breadcrumb\",\"itemListElement\":[{\"@type\":\"ListItem\",\"position\":1,\"name\":\"Home\",\"item\":\"https:\/\/dermatide.net\/en\/\"},{\"@type\":\"ListItem\",\"position\":2,\"name\":\"Aknetide Overview\",\"item\":\"https:\/\/dermatide.net\/aknetide-best-anti-acne-ingredient\/\"},{\"@type\":\"ListItem\",\"position\":3,\"name\":\"Application Recommendation\"}]},{\"@type\":\"WebSite\",\"@id\":\"https:\/\/dermatide.net\/#website\",\"url\":\"https:\/\/dermatide.net\/\",\"name\":\"Dermatide\",\"description\":\"\",\"publisher\":{\"@id\":\"https:\/\/dermatide.net\/#organization\"},\"potentialAction\":[{\"@type\":\"SearchAction\",\"target\":{\"@type\":\"EntryPoint\",\"urlTemplate\":\"https:\/\/dermatide.net\/?s={search_term_string}\"},\"query-input\":{\"@type\":\"PropertyValueSpecification\",\"valueRequired\":true,\"valueName\":\"search_term_string\"}}],\"inLanguage\":\"de\"},{\"@type\":\"Organization\",\"@id\":\"https:\/\/dermatide.net\/#organization\",\"name\":\"Dermatide\",\"url\":\"https:\/\/dermatide.net\/\",\"logo\":{\"@type\":\"ImageObject\",\"inLanguage\":\"de\",\"@id\":\"https:\/\/dermatide.net\/#\/schema\/logo\/image\/\",\"url\":\"https:\/\/dermatide.net\/wp-content\/uploads\/2025\/09\/dermatide.png\",\"contentUrl\":\"https:\/\/dermatide.net\/wp-content\/uploads\/2025\/09\/dermatide.png\",\"width\":406,\"height\":105,\"caption\":\"Dermatide\"},\"image\":{\"@id\":\"https:\/\/dermatide.net\/#\/schema\/logo\/image\/\"}}]}<\/script>\n<!-- \/ Yoast SEO plugin. -->","yoast_head_json":{"title":"Anwendungsempfehlung - Dermatide","robots":{"index":"index","follow":"follow","max-snippet":"max-snippet:-1","max-image-preview":"max-image-preview:large","max-video-preview":"max-video-preview:-1"},"canonical":"https:\/\/dermatide.net\/de\/aknetide-best-anti-acne-ingredient\/elementor-page-986\/","og_locale":"de_DE","og_type":"article","og_title":"Application Recommendation - Dermatide","og_description":"Application Recommendation Specification of AKNETIDE\u00ae Product name: AKNETIDE\u00ae Antrimicrobial Cyclopeptide INCI: Bacillus Ferment Optimal work conditions pH: 4.0~7.0 Solubility: water and glycerol soluble Avoid from blendnig nwith strong acid or alkaline Avoid from high temperature treatment. Best to dose into formula system near the end of formula execution. * Recommended dose: \u00a00.25% ~ 1.0% at [&hellip;]","og_url":"https:\/\/dermatide.net\/de\/aknetide-best-anti-acne-ingredient\/elementor-page-986\/","og_site_name":"Dermatide","article_modified_time":"2025-11-20T07:53:01+00:00","og_image":[{"width":360,"height":75,"url":"https:\/\/dermatide.net\/wp-content\/uploads\/2025\/11\/wechat_2025-10-28_110331_926.png","type":"image\/png"}],"twitter_card":"summary_large_image","schema":{"@context":"https:\/\/schema.org","@graph":[{"@type":"WebPage","@id":"https:\/\/dermatide.net\/aknetide-best-anti-acne-ingredient\/elementor-page-986\/","url":"https:\/\/dermatide.net\/aknetide-best-anti-acne-ingredient\/elementor-page-986\/","name":"Anwendungsempfehlung - Dermatide","isPartOf":{"@id":"https:\/\/dermatide.net\/#website"},"primaryImageOfPage":{"@id":"https:\/\/dermatide.net\/aknetide-best-anti-acne-ingredient\/elementor-page-986\/#primaryimage"},"image":{"@id":"https:\/\/dermatide.net\/aknetide-best-anti-acne-ingredient\/elementor-page-986\/#primaryimage"},"thumbnailUrl":"https:\/\/dermatide.net\/wp-content\/uploads\/2025\/11\/wechat_2025-10-28_110331_926.png","datePublished":"2025-11-02T17:23:13+00:00","dateModified":"2025-11-20T07:53:01+00:00","breadcrumb":{"@id":"https:\/\/dermatide.net\/aknetide-best-anti-acne-ingredient\/elementor-page-986\/#breadcrumb"},"inLanguage":"de","potentialAction":[{"@type":"ReadAction","target":["https:\/\/dermatide.net\/aknetide-best-anti-acne-ingredient\/elementor-page-986\/"]}]},{"@type":"ImageObject","inLanguage":"de","@id":"https:\/\/dermatide.net\/aknetide-best-anti-acne-ingredient\/elementor-page-986\/#primaryimage","url":"https:\/\/dermatide.net\/wp-content\/uploads\/2025\/11\/wechat_2025-10-28_110331_926.png","contentUrl":"https:\/\/dermatide.net\/wp-content\/uploads\/2025\/11\/wechat_2025-10-28_110331_926.png"},{"@type":"BreadcrumbList","@id":"https:\/\/dermatide.net\/aknetide-best-anti-acne-ingredient\/elementor-page-986\/#breadcrumb","itemListElement":[{"@type":"ListItem","position":1,"name":"Home","item":"https:\/\/dermatide.net\/en\/"},{"@type":"ListItem","position":2,"name":"Aknetide Overview","item":"https:\/\/dermatide.net\/aknetide-best-anti-acne-ingredient\/"},{"@type":"ListItem","position":3,"name":"Application Recommendation"}]},{"@type":"WebSite","@id":"https:\/\/dermatide.net\/#website","url":"https:\/\/dermatide.net\/","name":"Dermatide","description":"","publisher":{"@id":"https:\/\/dermatide.net\/#organization"},"potentialAction":[{"@type":"SearchAction","target":{"@type":"EntryPoint","urlTemplate":"https:\/\/dermatide.net\/?s={search_term_string}"},"query-input":{"@type":"PropertyValueSpecification","valueRequired":true,"valueName":"search_term_string"}}],"inLanguage":"de"},{"@type":"Organization","@id":"https:\/\/dermatide.net\/#organization","name":"Dermatide","url":"https:\/\/dermatide.net\/","logo":{"@type":"ImageObject","inLanguage":"de","@id":"https:\/\/dermatide.net\/#\/schema\/logo\/image\/","url":"https:\/\/dermatide.net\/wp-content\/uploads\/2025\/09\/dermatide.png","contentUrl":"https:\/\/dermatide.net\/wp-content\/uploads\/2025\/09\/dermatide.png","width":406,"height":105,"caption":"Dermatide"},"image":{"@id":"https:\/\/dermatide.net\/#\/schema\/logo\/image\/"}}]}},"_links":{"self":[{"href":"https:\/\/dermatide.net\/de\/wp-json\/wp\/v2\/pages\/986","targetHints":{"allow":["GET"]}}],"collection":[{"href":"https:\/\/dermatide.net\/de\/wp-json\/wp\/v2\/pages"}],"about":[{"href":"https:\/\/dermatide.net\/de\/wp-json\/wp\/v2\/types\/page"}],"author":[{"embeddable":true,"href":"https:\/\/dermatide.net\/de\/wp-json\/wp\/v2\/users\/1"}],"replies":[{"embeddable":true,"href":"https:\/\/dermatide.net\/de\/wp-json\/wp\/v2\/comments?post=986"}],"version-history":[{"count":0,"href":"https:\/\/dermatide.net\/de\/wp-json\/wp\/v2\/pages\/986\/revisions"}],"up":[{"embeddable":true,"href":"https:\/\/dermatide.net\/de\/wp-json\/wp\/v2\/pages\/538"}],"wp:attachment":[{"href":"https:\/\/dermatide.net\/de\/wp-json\/wp\/v2\/media?parent=986"}],"curies":[{"name":"wp","href":"https:\/\/api.w.org\/{rel}","templated":true}]}}