{"id":1299,"date":"2025-11-03T23:55:08","date_gmt":"2025-11-03T23:55:08","guid":{"rendered":"https:\/\/dermatide.net\/?page_id=1299"},"modified":"2025-11-04T00:08:32","modified_gmt":"2025-11-04T00:08:32","slug":"disclaimers","status":"publish","type":"page","link":"https:\/\/dermatide.net\/de\/disclaimers\/","title":{"rendered":"Haftungsausschl\u00fcsse"},"content":{"rendered":"<div data-elementor-type=\"wp-page\" data-elementor-id=\"1299\" class=\"elementor elementor-1299\" data-elementor-post-type=\"page\">\n\t\t\t\t<div class=\"elementor-element elementor-element-2941ca5 e-flex e-con-boxed e-con e-parent\" data-id=\"2941ca5\" data-element_type=\"container\" data-e-type=\"container\">\n\t\t\t\t\t<div class=\"e-con-inner\">\n\t\t\t\t<div class=\"elementor-element elementor-element-5fdc3cd elementor-widget elementor-widget-text-editor\" data-id=\"5fdc3cd\" data-element_type=\"widget\" data-e-type=\"widget\" data-widget_type=\"text-editor.default\">\n\t\t\t\t\t\t\t\t\t<div id=\"block-19\" class=\"widget widget_block widget_text\"><p class=\"has-text-align-left\"><strong>WEBSITE-HAFTUNGSAUSSCHLUSS<\/strong><\/p><\/div><div id=\"block-20\" class=\"widget widget_block widget_text\"><p class=\"has-text-align-left\">Diese Informationen werden von Dermatide Biotec Pte Ltd (\u201cwir\u201d, \u201cuns\u201d oder \u201cunser\u201d ) auf <a href=\"https:\/\/dermatide.net\/de\/\">https:\/\/www.dermatide.net<\/a>\u00a0(die \u201cWebsite\u201d) dient nur zu allgemeinen Informationszwecken. Alle Informationen auf der Website werden nach bestem Wissen und Gewissen zur Verf\u00fcgung gestellt, jedoch geben wir keinerlei ausdr\u00fcckliche oder stillschweigende Zusicherungen oder Garantien hinsichtlich der Richtigkeit, Angemessenheit, G\u00fcltigkeit, Zuverl\u00e4ssigkeit, Verf\u00fcgbarkeit oder Vollst\u00e4ndigkeit der Informationen auf der Website. UNTER KEINEN UMST\u00c4NDEN HAFTEN WIR IHNEN GEGEN\u00dcBER F\u00dcR VERLUSTE ODER SCH\u00c4DEN JEGLICHER ART, DIE SICH AUS DER NUTZUNG DER SITE ODER DEM VERTRAUEN AUF DIE AUF DER SITE BEREITGESTELLTEN INFORMATIONEN ERGEBEN. DIE NUTZUNG DER SEITE UND DAS VERTRAUEN AUF DIE INFORMATIONEN DER SEITE ERFOLGT AUSSCHLIESSLICH AUF EIGENES RISIKO.<\/p><\/div><div id=\"block-21\" class=\"widget widget_block widget_text\"><p class=\"has-text-align-left\"><strong>HAFTUNGSAUSSCHLUSS F\u00dcR EXTERNE LINKS<\/strong><\/p><\/div><div id=\"block-22\" class=\"widget widget_block widget_text\"><p class=\"has-text-align-left\">Die Website kann Links zu anderen Websites oder Inhalten, die Dritten geh\u00f6ren oder von ihnen stammen, oder Links zu Websites und Funktionen in Bannern oder anderer Werbung enthalten (oder Ihnen \u00fcber die Website zugesandt werden). Solche externen Links werden von uns nicht untersucht, \u00fcberwacht oder auf Richtigkeit, Angemessenheit, G\u00fcltigkeit, Zuverl\u00e4ssigkeit oder Vollst\u00e4ndigkeit gepr\u00fcft. WIR \u00dcBERNEHMEN KEINE GEW\u00c4HRLEISTUNG, GARANTIE ODER VERANTWORTUNG F\u00dcR DIE RICHTIGKEIT ODER ZUVERL\u00c4SSIGKEIT DER INFORMATIONEN, DIE AUF DEN \u00dcBER DIE WEBSITE VERLINKTEN WEBSITES VON DRITTANBIETERN ANGEBOTEN WERDEN, ODER F\u00dcR DIE IN BANNERN ODER ANDERER WERBUNG VERLINKTEN WEBSITES ODER FUNKTIONEN. WIR SIND WEDER PARTEI NOCH IN IRGENDEINER WEISE VERANTWORTLICH F\u00dcR DIE \u00dcBERWACHUNG VON TRANSAKTIONEN ZWISCHEN IHNEN UND DRITTANBIETERN VON PRODUKTEN ODER DIENSTLEISTUNGEN.<\/p><\/div><div id=\"block-23\" class=\"widget widget_block widget_text\"><p class=\"has-text-align-left\"><strong>FACHLICHER HAFTUNGSAUSSCHLUSS<\/strong><\/p><\/div><div id=\"block-24\" class=\"widget widget_block widget_text\"><p class=\"has-text-align-left\">Die Website kann und wird keine medizinischen\/gesundheitlichen Ratschl\u00e4ge geben. Die medizinischen\/gesundheitlichen Informationen werden nur zu allgemeinen Informations- und Bildungszwecken bereitgestellt und sind kein Ersatz f\u00fcr professionelle Beratung. Dementsprechend empfehlen wir Ihnen, sich mit den entsprechenden Fachleuten zu beraten, bevor Sie auf der Grundlage dieser Informationen irgendwelche Ma\u00dfnahmen ergreifen. Wir bieten keine medizinische\/gesundheitliche Beratung an. DIE NUTZUNG ODER DAS VERTRAUEN AUF INFORMATIONEN, DIE AUF DIESER WEBSITE ENTHALTEN SIND, ERFOLGT AUSSCHLIESSLICH AUF EIGENES RISIKO.<\/p><\/div>\t\t\t\t\t\t\t\t<\/div>\n\t\t\t\t\t<\/div>\n\t\t\t\t<\/div>\n\t\t\t\t<\/div>","protected":false},"excerpt":{"rendered":"<p>HAFTUNGSAUSSCHLUSS F\u00dcR DIE WEBSITE Diese von Dermatide Biotec Pte Ltd (\u201cwir\u201d, \u201cuns\u201d oder \u201cunser\u201d ) auf https:\/\/www.dermatide.net (die \u201cWebsite\u201d) bereitgestellten Informationen dienen ausschlie\u00dflich allgemeinen Informationszwecken. Alle Informationen auf der Website werden nach bestem Wissen und Gewissen zur Verf\u00fcgung gestellt, wir geben jedoch keinerlei ausdr\u00fcckliche oder stillschweigende Zusicherungen oder Gew\u00e4hrleistungen hinsichtlich der Genauigkeit, Angemessenheit, G\u00fcltigkeit, Zuverl\u00e4ssigkeit, Verf\u00fcgbarkeit oder Vollst\u00e4ndigkeit [...]<\/p>","protected":false},"author":1,"featured_media":0,"parent":0,"menu_order":0,"comment_status":"closed","ping_status":"closed","template":"","meta":{"_acf_changed":false,"footnotes":""},"class_list":["post-1299","page","type-page","status-publish","hentry"],"acf":[],"yoast_head":"<!-- This site is optimized with the Yoast SEO plugin v26.4 - https:\/\/yoast.com\/wordpress\/plugins\/seo\/ -->\n<title>Disclaimers - Dermatide<\/title>\n<meta name=\"robots\" content=\"index, follow, max-snippet:-1, max-image-preview:large, max-video-preview:-1\" \/>\n<link rel=\"canonical\" href=\"https:\/\/dermatide.net\/de\/disclaimers\/\" \/>\n<meta property=\"og:locale\" content=\"de_DE\" \/>\n<meta property=\"og:type\" content=\"article\" \/>\n<meta property=\"og:title\" content=\"Disclaimers - Dermatide\" \/>\n<meta property=\"og:description\" content=\"WEBSITE DISCLAIMER This information provided by Dermatide Biotec Pte Ltd(\u201cwe\u201d, \u201cus\u201d, or \u201cour\u201d ) on https:\/\/www.dermatide.net\u00a0(the \u201cSite\u201d) is for general information purposes only. All information on the Site is provided in good faith, however we make no representation or warranty of any kind, express or implied, regarding the accuracy, adequacy, validity, reliability, availability, or completeness [&hellip;]\" \/>\n<meta property=\"og:url\" content=\"https:\/\/dermatide.net\/de\/disclaimers\/\" \/>\n<meta property=\"og:site_name\" content=\"Dermatide\" \/>\n<meta property=\"article:modified_time\" content=\"2025-11-04T00:08:32+00:00\" \/>\n<meta name=\"twitter:card\" content=\"summary_large_image\" \/>\n<meta name=\"twitter:label1\" content=\"Gesch\u00e4tzte Lesezeit\" \/>\n\t<meta name=\"twitter:data1\" content=\"2\u00a0Minuten\" \/>\n<script type=\"application\/ld+json\" class=\"yoast-schema-graph\">{\"@context\":\"https:\/\/schema.org\",\"@graph\":[{\"@type\":\"WebPage\",\"@id\":\"https:\/\/dermatide.net\/disclaimers\/\",\"url\":\"https:\/\/dermatide.net\/disclaimers\/\",\"name\":\"Disclaimers - Dermatide\",\"isPartOf\":{\"@id\":\"https:\/\/dermatide.net\/#website\"},\"datePublished\":\"2025-11-03T23:55:08+00:00\",\"dateModified\":\"2025-11-04T00:08:32+00:00\",\"breadcrumb\":{\"@id\":\"https:\/\/dermatide.net\/disclaimers\/#breadcrumb\"},\"inLanguage\":\"de\",\"potentialAction\":[{\"@type\":\"ReadAction\",\"target\":[\"https:\/\/dermatide.net\/disclaimers\/\"]}]},{\"@type\":\"BreadcrumbList\",\"@id\":\"https:\/\/dermatide.net\/disclaimers\/#breadcrumb\",\"itemListElement\":[{\"@type\":\"ListItem\",\"position\":1,\"name\":\"Home\",\"item\":\"https:\/\/dermatide.net\/en\/\"},{\"@type\":\"ListItem\",\"position\":2,\"name\":\"Disclaimers\"}]},{\"@type\":\"WebSite\",\"@id\":\"https:\/\/dermatide.net\/#website\",\"url\":\"https:\/\/dermatide.net\/\",\"name\":\"Dermatide\",\"description\":\"\",\"publisher\":{\"@id\":\"https:\/\/dermatide.net\/#organization\"},\"potentialAction\":[{\"@type\":\"SearchAction\",\"target\":{\"@type\":\"EntryPoint\",\"urlTemplate\":\"https:\/\/dermatide.net\/?s={search_term_string}\"},\"query-input\":{\"@type\":\"PropertyValueSpecification\",\"valueRequired\":true,\"valueName\":\"search_term_string\"}}],\"inLanguage\":\"de\"},{\"@type\":\"Organization\",\"@id\":\"https:\/\/dermatide.net\/#organization\",\"name\":\"Dermatide\",\"url\":\"https:\/\/dermatide.net\/\",\"logo\":{\"@type\":\"ImageObject\",\"inLanguage\":\"de\",\"@id\":\"https:\/\/dermatide.net\/#\/schema\/logo\/image\/\",\"url\":\"https:\/\/dermatide.net\/wp-content\/uploads\/2025\/09\/dermatide.png\",\"contentUrl\":\"https:\/\/dermatide.net\/wp-content\/uploads\/2025\/09\/dermatide.png\",\"width\":406,\"height\":105,\"caption\":\"Dermatide\"},\"image\":{\"@id\":\"https:\/\/dermatide.net\/#\/schema\/logo\/image\/\"}}]}<\/script>\n<!-- \/ Yoast SEO plugin. -->","yoast_head_json":{"title":"Haftungsausschl\u00fcsse - Dermatide","robots":{"index":"index","follow":"follow","max-snippet":"max-snippet:-1","max-image-preview":"max-image-preview:large","max-video-preview":"max-video-preview:-1"},"canonical":"https:\/\/dermatide.net\/de\/disclaimers\/","og_locale":"de_DE","og_type":"article","og_title":"Disclaimers - Dermatide","og_description":"WEBSITE DISCLAIMER This information provided by Dermatide Biotec Pte Ltd(\u201cwe\u201d, \u201cus\u201d, or \u201cour\u201d ) on https:\/\/www.dermatide.net\u00a0(the \u201cSite\u201d) is for general information purposes only. All information on the Site is provided in good faith, however we make no representation or warranty of any kind, express or implied, regarding the accuracy, adequacy, validity, reliability, availability, or completeness [&hellip;]","og_url":"https:\/\/dermatide.net\/de\/disclaimers\/","og_site_name":"Dermatide","article_modified_time":"2025-11-04T00:08:32+00:00","twitter_card":"summary_large_image","twitter_misc":{"Gesch\u00e4tzte Lesezeit":"2\u00a0Minuten"},"schema":{"@context":"https:\/\/schema.org","@graph":[{"@type":"WebPage","@id":"https:\/\/dermatide.net\/disclaimers\/","url":"https:\/\/dermatide.net\/disclaimers\/","name":"Haftungsausschl\u00fcsse - Dermatide","isPartOf":{"@id":"https:\/\/dermatide.net\/#website"},"datePublished":"2025-11-03T23:55:08+00:00","dateModified":"2025-11-04T00:08:32+00:00","breadcrumb":{"@id":"https:\/\/dermatide.net\/disclaimers\/#breadcrumb"},"inLanguage":"de","potentialAction":[{"@type":"ReadAction","target":["https:\/\/dermatide.net\/disclaimers\/"]}]},{"@type":"BreadcrumbList","@id":"https:\/\/dermatide.net\/disclaimers\/#breadcrumb","itemListElement":[{"@type":"ListItem","position":1,"name":"Home","item":"https:\/\/dermatide.net\/en\/"},{"@type":"ListItem","position":2,"name":"Disclaimers"}]},{"@type":"WebSite","@id":"https:\/\/dermatide.net\/#website","url":"https:\/\/dermatide.net\/","name":"Dermatide","description":"","publisher":{"@id":"https:\/\/dermatide.net\/#organization"},"potentialAction":[{"@type":"SearchAction","target":{"@type":"EntryPoint","urlTemplate":"https:\/\/dermatide.net\/?s={search_term_string}"},"query-input":{"@type":"PropertyValueSpecification","valueRequired":true,"valueName":"search_term_string"}}],"inLanguage":"de"},{"@type":"Organization","@id":"https:\/\/dermatide.net\/#organization","name":"Dermatide","url":"https:\/\/dermatide.net\/","logo":{"@type":"ImageObject","inLanguage":"de","@id":"https:\/\/dermatide.net\/#\/schema\/logo\/image\/","url":"https:\/\/dermatide.net\/wp-content\/uploads\/2025\/09\/dermatide.png","contentUrl":"https:\/\/dermatide.net\/wp-content\/uploads\/2025\/09\/dermatide.png","width":406,"height":105,"caption":"Dermatide"},"image":{"@id":"https:\/\/dermatide.net\/#\/schema\/logo\/image\/"}}]}},"_links":{"self":[{"href":"https:\/\/dermatide.net\/de\/wp-json\/wp\/v2\/pages\/1299","targetHints":{"allow":["GET"]}}],"collection":[{"href":"https:\/\/dermatide.net\/de\/wp-json\/wp\/v2\/pages"}],"about":[{"href":"https:\/\/dermatide.net\/de\/wp-json\/wp\/v2\/types\/page"}],"author":[{"embeddable":true,"href":"https:\/\/dermatide.net\/de\/wp-json\/wp\/v2\/users\/1"}],"replies":[{"embeddable":true,"href":"https:\/\/dermatide.net\/de\/wp-json\/wp\/v2\/comments?post=1299"}],"version-history":[{"count":0,"href":"https:\/\/dermatide.net\/de\/wp-json\/wp\/v2\/pages\/1299\/revisions"}],"wp:attachment":[{"href":"https:\/\/dermatide.net\/de\/wp-json\/wp\/v2\/media?parent=1299"}],"curies":[{"name":"wp","href":"https:\/\/api.w.org\/{rel}","templated":true}]}}